{"id":784,"date":"2021-07-30T11:01:38","date_gmt":"2021-07-30T11:01:38","guid":{"rendered":"http:\/\/www.otbtournament.fi\/?page_id=784"},"modified":"2022-10-10T10:12:22","modified_gmt":"2022-10-10T07:12:22","slug":"historia","status":"publish","type":"page","link":"https:\/\/www.otbtournament.fi\/?page_id=784","title":{"rendered":"Historia"},"content":{"rendered":"\t\t<div data-elementor-type=\"wp-page\" data-elementor-id=\"784\" class=\"elementor elementor-784\">\n\t\t\t\t\t\t<section class=\"elementor-section elementor-top-section elementor-element elementor-element-9ad2723 elementor-section-boxed elementor-section-height-default elementor-section-height-default\" data-id=\"9ad2723\" data-element_type=\"section\" data-e-type=\"section\">\n\t\t\t\t\t\t<div class=\"elementor-container elementor-column-gap-default\">\n\t\t\t\t\t<div class=\"elementor-column elementor-col-100 elementor-top-column elementor-element elementor-element-7341e0a\" data-id=\"7341e0a\" data-element_type=\"column\" data-e-type=\"column\">\n\t\t\t<div class=\"elementor-widget-wrap elementor-element-populated\">\n\t\t\t\t\t\t<div class=\"elementor-element elementor-element-2a5f936 elementor-widget elementor-widget-spacer\" data-id=\"2a5f936\" data-element_type=\"widget\" data-e-type=\"widget\" data-widget_type=\"spacer.default\">\n\t\t\t\t<div class=\"elementor-widget-container\">\n\t\t\t\t\t\t\t<div class=\"elementor-spacer\">\n\t\t\t<div class=\"elementor-spacer-inner\"><\/div>\n\t\t<\/div>\n\t\t\t\t\t\t<\/div>\n\t\t\t\t<\/div>\n\t\t\t\t<div class=\"elementor-element elementor-element-f1465a3 elementor-widget elementor-widget-heading\" data-id=\"f1465a3\" data-element_type=\"widget\" data-e-type=\"widget\" data-widget_type=\"heading.default\">\n\t\t\t\t<div class=\"elementor-widget-container\">\n\t\t\t\t\t<h1 class=\"elementor-heading-title elementor-size-default\"><b>Old Timer Basket- Tournament = OTB <\/b><\/h1>\t\t\t\t<\/div>\n\t\t\t\t<\/div>\n\t\t\t\t\t<\/div>\n\t\t<\/div>\n\t\t\t\t\t<\/div>\n\t\t<\/section>\n\t\t\t\t<section class=\"elementor-section elementor-top-section elementor-element elementor-element-057c80e elementor-section-boxed elementor-section-height-default elementor-section-height-default\" data-id=\"057c80e\" data-element_type=\"section\" data-e-type=\"section\">\n\t\t\t\t\t\t<div class=\"elementor-container elementor-column-gap-default\">\n\t\t\t\t\t<div class=\"elementor-column elementor-col-100 elementor-top-column elementor-element elementor-element-e71b26b\" data-id=\"e71b26b\" data-element_type=\"column\" data-e-type=\"column\">\n\t\t\t<div class=\"elementor-widget-wrap elementor-element-populated\">\n\t\t\t\t\t\t<div class=\"elementor-element elementor-element-7fffbb3 elementor-widget elementor-widget-text-editor\" data-id=\"7fffbb3\" data-element_type=\"widget\" data-e-type=\"widget\" data-widget_type=\"text-editor.default\">\n\t\t\t\t<div class=\"elementor-widget-container\">\n\t\t\t\t\t\t\t\t\t<p><strong><br \/>O<\/strong><b>TB! Mist\u00e4 t\u00e4m\u00e4 hulluus sai alkunsa? <\/b><br \/>Er\u00e4\u00e4n\u00e4 syd\u00e4ntalven 1984 pime\u00e4n\u00e4 iltana puhelin soi. Ylitaimeri Ikonen soitti, kilin\u00e4st\u00e4 ja sorinasta p\u00e4\u00e4tellen jostain muualta kuin kotoa. \u201d Tipi perkee, meill\u00e4 on idea miten saadaan seuran junioritoimintaan rahaa. J\u00e4rjestet\u00e4\u00e4n koripalloturnaus vuosittain.\u201d Allekirjoittanut ep\u00e4ili. Niit\u00e4h\u00e4n j\u00e4rjestet\u00e4\u00e4n joka kyl\u00e4ss\u00e4. \u201dJ\u00e4rjestet\u00e4\u00e4n ik\u00e4miesturnaus, OTB.\u201d Kimmo (Turunen) ja Ville (Valjus) ovat luvanneet hommata Helsingist\u00e4 joukkueita jotta p\u00e4\u00e4st\u00e4\u00e4n alkuun. Ja p\u00e4\u00e4stiin (T\u00e4m\u00e4 allekirjoittaneen muistoista)<\/p><h3>OTB since 1984<\/h3><p>Ensimm\u00e4inen turnaus pelattiin 29.6\u20131.7.1984 ja mukana oli 8 joukkuetta. Seuran oma joukkue Senior Basket, Mittarit, Four Brothers ja Kumppanit Heinola, T\u00f6nk\u00f6t Oulu, Esab Siilinj\u00e4rvi, Pieks\u00e4m\u00e4en Pallo, Pepe Laannin johdolla Kisis ja Risto Niemisen polttarijoukko, Helsinki.<br \/>Ensimm\u00e4isen Turnauksen mestaruuden voittivat Polttarit jotka kukistivat Kisiksen loppuottelussa. Loppu onkin turnauksen kannalta historiaa!<br \/><b>Leidit Since 2001.<\/b> Naisten osalta OTB alkoi vuonna 2001 ja mukana oli 3 joukkuetta. Big Mamas`, Lappeenranta, Korisorjat Jyv\u00e4skyl\u00e4 ja Tipin Enkelit Savonlinna.<\/p><p><i>Viimeinen Mohikaani<br \/>Tipi<\/i><\/p>\t\t\t\t\t\t\t\t<\/div>\n\t\t\t\t<\/div>\n\t\t\t\t<div class=\"elementor-element elementor-element-104984c elementor-widget elementor-widget-image-gallery\" data-id=\"104984c\" data-element_type=\"widget\" data-e-type=\"widget\" data-widget_type=\"image-gallery.default\">\n\t\t\t\t<div class=\"elementor-widget-container\">\n\t\t\t\t\t\t\t<div class=\"elementor-image-gallery\">\n\t\t\t<div id='gallery-1' class='gallery galleryid-784 gallery-columns-3 gallery-size-thumbnail'><figure class='gallery-item'>\n\t\t\t<div class='gallery-icon landscape'>\n\t\t\t\t<a data-elementor-open-lightbox=\"yes\" data-elementor-lightbox-slideshow=\"104984c\" data-elementor-lightbox-title=\"OTBt_iso\" data-e-action-hash=\"#elementor-action%3Aaction%3Dlightbox%26settings%3DeyJpZCI6ODA3LCJ1cmwiOiJodHRwczpcL1wvd3d3Lm90YnRvdXJuYW1lbnQuZmlcL3dwLWNvbnRlbnRcL3VwbG9hZHNcLzIwMjFcLzA4XC9PVEJ0X2lzby5qcGciLCJzbGlkZXNob3ciOiIxMDQ5ODRjIn0%3D\" href='https:\/\/www.otbtournament.fi\/wp-content\/uploads\/2021\/08\/OTBt_iso.jpg'><img decoding=\"async\" width=\"150\" height=\"150\" src=\"https:\/\/www.otbtournament.fi\/wp-content\/uploads\/2021\/08\/OTBt_iso-150x150.jpg\" class=\"attachment-thumbnail size-thumbnail\" alt=\"\" aria-describedby=\"gallery-1-807\" srcset=\"https:\/\/www.otbtournament.fi\/wp-content\/uploads\/2021\/08\/OTBt_iso-150x150.jpg 150w, https:\/\/www.otbtournament.fi\/wp-content\/uploads\/2021\/08\/OTBt_iso-300x300.jpg 300w, https:\/\/www.otbtournament.fi\/wp-content\/uploads\/2021\/08\/OTBt_iso.jpg 701w\" sizes=\"(max-width: 150px) 100vw, 150px\" \/><\/a>\n\t\t\t<\/div>\n\t\t\t\t<figcaption class='wp-caption-text gallery-caption' id='gallery-1-807'>\n\t\t\t\tOTB logo\n\t\t\t\t<\/figcaption><\/figure><figure class='gallery-item'>\n\t\t\t<div class='gallery-icon landscape'>\n\t\t\t\t<a data-elementor-open-lightbox=\"yes\" data-elementor-lightbox-slideshow=\"104984c\" data-elementor-lightbox-title=\"Pia-150x150\" data-e-action-hash=\"#elementor-action%3Aaction%3Dlightbox%26settings%3DeyJpZCI6MjYyMywidXJsIjoiaHR0cHM6XC9cL3d3dy5vdGJ0b3VybmFtZW50LmZpXC93cC1jb250ZW50XC91cGxvYWRzXC8yMDIyXC8xMFwvUGlhLTE1MHgxNTAtMS5qcGciLCJzbGlkZXNob3ciOiIxMDQ5ODRjIn0%3D\" href='https:\/\/www.otbtournament.fi\/wp-content\/uploads\/2022\/10\/Pia-150x150-1.jpg'><img decoding=\"async\" width=\"150\" height=\"150\" src=\"https:\/\/www.otbtournament.fi\/wp-content\/uploads\/2022\/10\/Pia-150x150-1-150x150.jpg\" class=\"attachment-thumbnail size-thumbnail\" alt=\"Ylitaimeri\" aria-describedby=\"gallery-1-2623\" \/><\/a>\n\t\t\t<\/div>\n\t\t\t\t<figcaption class='wp-caption-text gallery-caption' id='gallery-1-2623'>\n\t\t\t\tYlitaimeri Pia Kraft-Oksala\n\t\t\t\t<\/figcaption><\/figure><figure class='gallery-item'>\n\t\t\t<div class='gallery-icon landscape'>\n\t\t\t\t<a data-elementor-open-lightbox=\"yes\" data-elementor-lightbox-slideshow=\"104984c\" data-elementor-lightbox-title=\"Kari\" data-e-action-hash=\"#elementor-action%3Aaction%3Dlightbox%26settings%3DeyJpZCI6ODA4LCJ1cmwiOiJodHRwczpcL1wvd3d3Lm90YnRvdXJuYW1lbnQuZmlcL3dwLWNvbnRlbnRcL3VwbG9hZHNcLzIwMjFcLzA4XC9LYXJpLWUxNjY1NTAxNTc1MzI5LmpwZyIsInNsaWRlc2hvdyI6IjEwNDk4NGMifQ%3D%3D\" href='https:\/\/www.otbtournament.fi\/wp-content\/uploads\/2021\/08\/Kari-e1665501575329.jpg'><img decoding=\"async\" width=\"150\" height=\"150\" src=\"https:\/\/www.otbtournament.fi\/wp-content\/uploads\/2021\/08\/Kari-e1665501575329-150x150.jpg\" class=\"attachment-thumbnail size-thumbnail\" alt=\"Kari Ikonen\" aria-describedby=\"gallery-1-808\" \/><\/a>\n\t\t\t<\/div>\n\t\t\t\t<figcaption class='wp-caption-text gallery-caption' id='gallery-1-808'>\n\t\t\t\tEx Ylitaimeri Kari Ikonen\n\t\t\t\t<\/figcaption><\/figure><figure class='gallery-item'>\n\t\t\t<div class='gallery-icon portrait'>\n\t\t\t\t<a data-elementor-open-lightbox=\"yes\" data-elementor-lightbox-slideshow=\"104984c\" data-elementor-lightbox-title=\"Tipi\" data-e-action-hash=\"#elementor-action%3Aaction%3Dlightbox%26settings%3DeyJpZCI6MTAyMSwidXJsIjoiaHR0cHM6XC9cL3d3dy5vdGJ0b3VybmFtZW50LmZpXC93cC1jb250ZW50XC91cGxvYWRzXC8yMDIxXC8wOFwvVGlwaS5qcGciLCJzbGlkZXNob3ciOiIxMDQ5ODRjIn0%3D\" href='https:\/\/www.otbtournament.fi\/wp-content\/uploads\/2021\/08\/Tipi.jpg'><img loading=\"lazy\" decoding=\"async\" width=\"150\" height=\"150\" src=\"https:\/\/www.otbtournament.fi\/wp-content\/uploads\/2021\/08\/Tipi-150x150.jpg\" class=\"attachment-thumbnail size-thumbnail\" alt=\"Timo Kraft\" aria-describedby=\"gallery-1-1021\" \/><\/a>\n\t\t\t<\/div>\n\t\t\t\t<figcaption class='wp-caption-text gallery-caption' id='gallery-1-1021'>\n\t\t\t\tTimo Kraft\n\t\t\t\t<\/figcaption><\/figure><figure class='gallery-item'>\n\t\t\t<div class='gallery-icon landscape'>\n\t\t\t\t<a data-elementor-open-lightbox=\"yes\" data-elementor-lightbox-slideshow=\"104984c\" data-elementor-lightbox-title=\"LataaKuvab852\" data-e-action-hash=\"#elementor-action%3Aaction%3Dlightbox%26settings%3DeyJpZCI6MTAwNCwidXJsIjoiaHR0cHM6XC9cL3d3dy5vdGJ0b3VybmFtZW50LmZpXC93cC1jb250ZW50XC91cGxvYWRzXC8yMDIxXC8wOFwvTGF0YWFLdXZhYjg1Mi5qcGciLCJzbGlkZXNob3ciOiIxMDQ5ODRjIn0%3D\" href='https:\/\/www.otbtournament.fi\/wp-content\/uploads\/2021\/08\/LataaKuvab852.jpg'><img loading=\"lazy\" decoding=\"async\" width=\"150\" height=\"120\" src=\"https:\/\/www.otbtournament.fi\/wp-content\/uploads\/2021\/08\/LataaKuvab852.jpg\" class=\"attachment-thumbnail size-thumbnail\" alt=\"\" aria-describedby=\"gallery-1-1004\" \/><\/a>\n\t\t\t<\/div>\n\t\t\t\t<figcaption class='wp-caption-text gallery-caption' id='gallery-1-1004'>\n\t\t\t\tSeppo Manninen\n\t\t\t\t<\/figcaption><\/figure><figure class='gallery-item'>\n\t\t\t<div class='gallery-icon portrait'>\n\t\t\t\t<a data-elementor-open-lightbox=\"yes\" data-elementor-lightbox-slideshow=\"104984c\" data-elementor-lightbox-title=\"LataaKuva05a4\" data-e-action-hash=\"#elementor-action%3Aaction%3Dlightbox%26settings%3DeyJpZCI6ODA5LCJ1cmwiOiJodHRwczpcL1wvd3d3Lm90YnRvdXJuYW1lbnQuZmlcL3dwLWNvbnRlbnRcL3VwbG9hZHNcLzIwMjFcLzA4XC9MYXRhYUt1dmEwNWE0LmpwZyIsInNsaWRlc2hvdyI6IjEwNDk4NGMifQ%3D%3D\" href='https:\/\/www.otbtournament.fi\/wp-content\/uploads\/2021\/08\/LataaKuva05a4.jpg'><img loading=\"lazy\" decoding=\"async\" width=\"150\" height=\"150\" src=\"https:\/\/www.otbtournament.fi\/wp-content\/uploads\/2021\/08\/LataaKuva05a4-150x150.jpg\" class=\"attachment-thumbnail size-thumbnail\" alt=\"\" aria-describedby=\"gallery-1-809\" \/><\/a>\n\t\t\t<\/div>\n\t\t\t\t<figcaption class='wp-caption-text gallery-caption' id='gallery-1-809'>\n\t\t\t\tPepe Laanti\n\t\t\t\t<\/figcaption><\/figure>\n\t\t<\/div>\n\t\t<\/div>\n\t\t\t\t\t\t<\/div>\n\t\t\t\t<\/div>\n\t\t\t\t\t<\/div>\n\t\t<\/div>\n\t\t\t\t\t<\/div>\n\t\t<\/section>\n\t\t\t\t<\/div>\n\t\t","protected":false},"excerpt":{"rendered":"<p>Old Timer Basket- Tournament = OTB OTB! Mist\u00e4 t\u00e4m\u00e4 hulluus sai alkunsa? Er\u00e4\u00e4n\u00e4 syd\u00e4ntalven 1984 pime\u00e4n\u00e4 iltana puhelin soi. Ylitaimeri Ikonen soitti, kilin\u00e4st\u00e4 ja sorinasta p\u00e4\u00e4tellen jostain muualta kuin kotoa. \u201d Tipi perkee, meill\u00e4 on idea miten saadaan seuran junioritoimintaan rahaa. J\u00e4rjestet\u00e4\u00e4n koripalloturnaus vuosittain.\u201d Allekirjoittanut ep\u00e4ili. Niit\u00e4h\u00e4n j\u00e4rjestet\u00e4\u00e4n joka kyl\u00e4ss\u00e4. \u201dJ\u00e4rjestet\u00e4\u00e4n ik\u00e4miesturnaus, OTB.\u201d Kimmo (Turunen) [&hellip;]<\/p>\n","protected":false},"author":1,"featured_media":0,"parent":31,"menu_order":5,"comment_status":"closed","ping_status":"closed","template":"","meta":{"site-sidebar-layout":"no-sidebar","site-content-layout":"page-builder","ast-site-content-layout":"default","site-content-style":"default","site-sidebar-style":"default","ast-global-header-display":"","ast-banner-title-visibility":"","ast-main-header-display":"","ast-hfb-above-header-display":"","ast-hfb-below-header-display":"","ast-hfb-mobile-header-display":"","site-post-title":"disabled","ast-breadcrumbs-content":"","ast-featured-img":"disabled","footer-sml-layout":"","ast-disable-related-posts":"","theme-transparent-header-meta":"default","adv-header-id-meta":"","stick-header-meta":"","header-above-stick-meta":"","header-main-stick-meta":"","header-below-stick-meta":"","astra-migrate-meta-layouts":"default","ast-page-background-enabled":"default","ast-page-background-meta":{"desktop":{"background-color":"","background-image":"","background-repeat":"repeat","background-position":"center center","background-size":"auto","background-attachment":"scroll","background-type":"","background-media":"","overlay-type":"","overlay-color":"","overlay-opacity":"","overlay-gradient":""},"tablet":{"background-color":"","background-image":"","background-repeat":"repeat","background-position":"center center","background-size":"auto","background-attachment":"scroll","background-type":"","background-media":"","overlay-type":"","overlay-color":"","overlay-opacity":"","overlay-gradient":""},"mobile":{"background-color":"","background-image":"","background-repeat":"repeat","background-position":"center center","background-size":"auto","background-attachment":"scroll","background-type":"","background-media":"","overlay-type":"","overlay-color":"","overlay-opacity":"","overlay-gradient":""}},"ast-content-background-meta":{"desktop":{"background-color":"var(--ast-global-color-5)","background-image":"","background-repeat":"repeat","background-position":"center center","background-size":"auto","background-attachment":"scroll","background-type":"","background-media":"","overlay-type":"","overlay-color":"","overlay-opacity":"","overlay-gradient":""},"tablet":{"background-color":"var(--ast-global-color-5)","background-image":"","background-repeat":"repeat","background-position":"center center","background-size":"auto","background-attachment":"scroll","background-type":"","background-media":"","overlay-type":"","overlay-color":"","overlay-opacity":"","overlay-gradient":""},"mobile":{"background-color":"var(--ast-global-color-5)","background-image":"","background-repeat":"repeat","background-position":"center center","background-size":"auto","background-attachment":"scroll","background-type":"","background-media":"","overlay-type":"","overlay-color":"","overlay-opacity":"","overlay-gradient":""}},"footnotes":""},"class_list":["post-784","page","type-page","status-publish","hentry"],"yoast_head":"<!-- This site is optimized with the Yoast SEO plugin v27.1.1 - https:\/\/yoast.com\/product\/yoast-seo-wordpress\/ -->\n<title>Historia - www.otbtournament.fi<\/title>\n<meta name=\"robots\" content=\"index, follow, max-snippet:-1, max-image-preview:large, max-video-preview:-1\" \/>\n<link rel=\"canonical\" href=\"https:\/\/www.otbtournament.fi\/?page_id=784\" \/>\n<meta property=\"og:locale\" content=\"fi_FI\" \/>\n<meta property=\"og:type\" content=\"article\" \/>\n<meta property=\"og:title\" content=\"Historia - www.otbtournament.fi\" \/>\n<meta property=\"og:description\" content=\"Old Timer Basket- Tournament = OTB OTB! Mist\u00e4 t\u00e4m\u00e4 hulluus sai alkunsa? Er\u00e4\u00e4n\u00e4 syd\u00e4ntalven 1984 pime\u00e4n\u00e4 iltana puhelin soi. Ylitaimeri Ikonen soitti, kilin\u00e4st\u00e4 ja sorinasta p\u00e4\u00e4tellen jostain muualta kuin kotoa. \u201d Tipi perkee, meill\u00e4 on idea miten saadaan seuran junioritoimintaan rahaa. J\u00e4rjestet\u00e4\u00e4n koripalloturnaus vuosittain.\u201d Allekirjoittanut ep\u00e4ili. Niit\u00e4h\u00e4n j\u00e4rjestet\u00e4\u00e4n joka kyl\u00e4ss\u00e4. \u201dJ\u00e4rjestet\u00e4\u00e4n ik\u00e4miesturnaus, OTB.\u201d Kimmo (Turunen) [&hellip;]\" \/>\n<meta property=\"og:url\" content=\"https:\/\/www.otbtournament.fi\/?page_id=784\" \/>\n<meta property=\"og:site_name\" content=\"www.otbtournament.fi\" \/>\n<meta property=\"article:publisher\" content=\"https:\/\/www.facebook.com\/groups\/157434721110832\" \/>\n<meta property=\"article:modified_time\" content=\"2022-10-10T07:12:22+00:00\" \/>\n<meta property=\"og:image\" content=\"http:\/\/www.otbtournament.fi\/wp-content\/uploads\/2021\/08\/OTBt_iso-150x150.jpg\" \/>\n<meta name=\"twitter:card\" content=\"summary_large_image\" \/>\n<meta name=\"twitter:label1\" content=\"Arvioitu lukuaika\" \/>\n\t<meta name=\"twitter:data1\" content=\"3 minuuttia\" \/>\n<script type=\"application\/ld+json\" class=\"yoast-schema-graph\">{\"@context\":\"https:\/\/schema.org\",\"@graph\":[{\"@type\":\"WebPage\",\"@id\":\"https:\/\/www.otbtournament.fi\/?page_id=784\",\"url\":\"https:\/\/www.otbtournament.fi\/?page_id=784\",\"name\":\"Historia - www.otbtournament.fi\",\"isPartOf\":{\"@id\":\"https:\/\/www.otbtournament.fi\/#website\"},\"primaryImageOfPage\":{\"@id\":\"https:\/\/www.otbtournament.fi\/?page_id=784#primaryimage\"},\"image\":{\"@id\":\"https:\/\/www.otbtournament.fi\/?page_id=784#primaryimage\"},\"thumbnailUrl\":\"http:\/\/www.otbtournament.fi\/wp-content\/uploads\/2021\/08\/OTBt_iso-150x150.jpg\",\"datePublished\":\"2021-07-30T11:01:38+00:00\",\"dateModified\":\"2022-10-10T07:12:22+00:00\",\"breadcrumb\":{\"@id\":\"https:\/\/www.otbtournament.fi\/?page_id=784#breadcrumb\"},\"inLanguage\":\"fi\",\"potentialAction\":[{\"@type\":\"ReadAction\",\"target\":[\"https:\/\/www.otbtournament.fi\/?page_id=784\"]}]},{\"@type\":\"ImageObject\",\"inLanguage\":\"fi\",\"@id\":\"https:\/\/www.otbtournament.fi\/?page_id=784#primaryimage\",\"url\":\"https:\/\/www.otbtournament.fi\/wp-content\/uploads\/2021\/08\/OTBt_iso.jpg\",\"contentUrl\":\"https:\/\/www.otbtournament.fi\/wp-content\/uploads\/2021\/08\/OTBt_iso.jpg\",\"width\":701,\"height\":700,\"caption\":\"OTB logo\"},{\"@type\":\"BreadcrumbList\",\"@id\":\"https:\/\/www.otbtournament.fi\/?page_id=784#breadcrumb\",\"itemListElement\":[{\"@type\":\"ListItem\",\"position\":1,\"name\":\"Etusivu\",\"item\":\"https:\/\/www.otbtournament.fi\/\"},{\"@type\":\"ListItem\",\"position\":2,\"name\":\"Turnaus\",\"item\":\"https:\/\/www.otbtournament.fi\/?page_id=31\"},{\"@type\":\"ListItem\",\"position\":3,\"name\":\"Historia\"}]},{\"@type\":\"WebSite\",\"@id\":\"https:\/\/www.otbtournament.fi\/#website\",\"url\":\"https:\/\/www.otbtournament.fi\/\",\"name\":\"www.otbtournament.fi\",\"description\":\"OTB sivut\",\"publisher\":{\"@id\":\"https:\/\/www.otbtournament.fi\/#organization\"},\"potentialAction\":[{\"@type\":\"SearchAction\",\"target\":{\"@type\":\"EntryPoint\",\"urlTemplate\":\"https:\/\/www.otbtournament.fi\/?s={search_term_string}\"},\"query-input\":{\"@type\":\"PropertyValueSpecification\",\"valueRequired\":true,\"valueName\":\"search_term_string\"}}],\"inLanguage\":\"fi\"},{\"@type\":\"Organization\",\"@id\":\"https:\/\/www.otbtournament.fi\/#organization\",\"name\":\"OTB Old Timers Basketball Tournament\",\"url\":\"https:\/\/www.otbtournament.fi\/\",\"logo\":{\"@type\":\"ImageObject\",\"inLanguage\":\"fi\",\"@id\":\"https:\/\/www.otbtournament.fi\/#\/schema\/logo\/image\/\",\"url\":\"http:\/\/www.otbtournament.fi\/wp-content\/uploads\/2021\/08\/OTBt_iso.jpg\",\"contentUrl\":\"http:\/\/www.otbtournament.fi\/wp-content\/uploads\/2021\/08\/OTBt_iso.jpg\",\"width\":701,\"height\":700,\"caption\":\"OTB Old Timers Basketball Tournament\"},\"image\":{\"@id\":\"https:\/\/www.otbtournament.fi\/#\/schema\/logo\/image\/\"},\"sameAs\":[\"https:\/\/www.facebook.com\/groups\/157434721110832\"]}]}<\/script>\n<!-- \/ Yoast SEO plugin. -->","yoast_head_json":{"title":"Historia - www.otbtournament.fi","robots":{"index":"index","follow":"follow","max-snippet":"max-snippet:-1","max-image-preview":"max-image-preview:large","max-video-preview":"max-video-preview:-1"},"canonical":"https:\/\/www.otbtournament.fi\/?page_id=784","og_locale":"fi_FI","og_type":"article","og_title":"Historia - www.otbtournament.fi","og_description":"Old Timer Basket- Tournament = OTB OTB! Mist\u00e4 t\u00e4m\u00e4 hulluus sai alkunsa? Er\u00e4\u00e4n\u00e4 syd\u00e4ntalven 1984 pime\u00e4n\u00e4 iltana puhelin soi. Ylitaimeri Ikonen soitti, kilin\u00e4st\u00e4 ja sorinasta p\u00e4\u00e4tellen jostain muualta kuin kotoa. \u201d Tipi perkee, meill\u00e4 on idea miten saadaan seuran junioritoimintaan rahaa. J\u00e4rjestet\u00e4\u00e4n koripalloturnaus vuosittain.\u201d Allekirjoittanut ep\u00e4ili. Niit\u00e4h\u00e4n j\u00e4rjestet\u00e4\u00e4n joka kyl\u00e4ss\u00e4. \u201dJ\u00e4rjestet\u00e4\u00e4n ik\u00e4miesturnaus, OTB.\u201d Kimmo (Turunen) [&hellip;]","og_url":"https:\/\/www.otbtournament.fi\/?page_id=784","og_site_name":"www.otbtournament.fi","article_publisher":"https:\/\/www.facebook.com\/groups\/157434721110832","article_modified_time":"2022-10-10T07:12:22+00:00","og_image":[{"url":"http:\/\/www.otbtournament.fi\/wp-content\/uploads\/2021\/08\/OTBt_iso-150x150.jpg","type":"","width":"","height":""}],"twitter_card":"summary_large_image","twitter_misc":{"Arvioitu lukuaika":"3 minuuttia"},"schema":{"@context":"https:\/\/schema.org","@graph":[{"@type":"WebPage","@id":"https:\/\/www.otbtournament.fi\/?page_id=784","url":"https:\/\/www.otbtournament.fi\/?page_id=784","name":"Historia - www.otbtournament.fi","isPartOf":{"@id":"https:\/\/www.otbtournament.fi\/#website"},"primaryImageOfPage":{"@id":"https:\/\/www.otbtournament.fi\/?page_id=784#primaryimage"},"image":{"@id":"https:\/\/www.otbtournament.fi\/?page_id=784#primaryimage"},"thumbnailUrl":"http:\/\/www.otbtournament.fi\/wp-content\/uploads\/2021\/08\/OTBt_iso-150x150.jpg","datePublished":"2021-07-30T11:01:38+00:00","dateModified":"2022-10-10T07:12:22+00:00","breadcrumb":{"@id":"https:\/\/www.otbtournament.fi\/?page_id=784#breadcrumb"},"inLanguage":"fi","potentialAction":[{"@type":"ReadAction","target":["https:\/\/www.otbtournament.fi\/?page_id=784"]}]},{"@type":"ImageObject","inLanguage":"fi","@id":"https:\/\/www.otbtournament.fi\/?page_id=784#primaryimage","url":"https:\/\/www.otbtournament.fi\/wp-content\/uploads\/2021\/08\/OTBt_iso.jpg","contentUrl":"https:\/\/www.otbtournament.fi\/wp-content\/uploads\/2021\/08\/OTBt_iso.jpg","width":701,"height":700,"caption":"OTB logo"},{"@type":"BreadcrumbList","@id":"https:\/\/www.otbtournament.fi\/?page_id=784#breadcrumb","itemListElement":[{"@type":"ListItem","position":1,"name":"Etusivu","item":"https:\/\/www.otbtournament.fi\/"},{"@type":"ListItem","position":2,"name":"Turnaus","item":"https:\/\/www.otbtournament.fi\/?page_id=31"},{"@type":"ListItem","position":3,"name":"Historia"}]},{"@type":"WebSite","@id":"https:\/\/www.otbtournament.fi\/#website","url":"https:\/\/www.otbtournament.fi\/","name":"www.otbtournament.fi","description":"OTB sivut","publisher":{"@id":"https:\/\/www.otbtournament.fi\/#organization"},"potentialAction":[{"@type":"SearchAction","target":{"@type":"EntryPoint","urlTemplate":"https:\/\/www.otbtournament.fi\/?s={search_term_string}"},"query-input":{"@type":"PropertyValueSpecification","valueRequired":true,"valueName":"search_term_string"}}],"inLanguage":"fi"},{"@type":"Organization","@id":"https:\/\/www.otbtournament.fi\/#organization","name":"OTB Old Timers Basketball Tournament","url":"https:\/\/www.otbtournament.fi\/","logo":{"@type":"ImageObject","inLanguage":"fi","@id":"https:\/\/www.otbtournament.fi\/#\/schema\/logo\/image\/","url":"http:\/\/www.otbtournament.fi\/wp-content\/uploads\/2021\/08\/OTBt_iso.jpg","contentUrl":"http:\/\/www.otbtournament.fi\/wp-content\/uploads\/2021\/08\/OTBt_iso.jpg","width":701,"height":700,"caption":"OTB Old Timers Basketball Tournament"},"image":{"@id":"https:\/\/www.otbtournament.fi\/#\/schema\/logo\/image\/"},"sameAs":["https:\/\/www.facebook.com\/groups\/157434721110832"]}]}},"_links":{"self":[{"href":"https:\/\/www.otbtournament.fi\/index.php?rest_route=\/wp\/v2\/pages\/784","targetHints":{"allow":["GET"]}}],"collection":[{"href":"https:\/\/www.otbtournament.fi\/index.php?rest_route=\/wp\/v2\/pages"}],"about":[{"href":"https:\/\/www.otbtournament.fi\/index.php?rest_route=\/wp\/v2\/types\/page"}],"author":[{"embeddable":true,"href":"https:\/\/www.otbtournament.fi\/index.php?rest_route=\/wp\/v2\/users\/1"}],"replies":[{"embeddable":true,"href":"https:\/\/www.otbtournament.fi\/index.php?rest_route=%2Fwp%2Fv2%2Fcomments&post=784"}],"version-history":[{"count":34,"href":"https:\/\/www.otbtournament.fi\/index.php?rest_route=\/wp\/v2\/pages\/784\/revisions"}],"predecessor-version":[{"id":2626,"href":"https:\/\/www.otbtournament.fi\/index.php?rest_route=\/wp\/v2\/pages\/784\/revisions\/2626"}],"up":[{"embeddable":true,"href":"https:\/\/www.otbtournament.fi\/index.php?rest_route=\/wp\/v2\/pages\/31"}],"wp:attachment":[{"href":"https:\/\/www.otbtournament.fi\/index.php?rest_route=%2Fwp%2Fv2%2Fmedia&parent=784"}],"curies":[{"name":"wp","href":"https:\/\/api.w.org\/{rel}","templated":true}]}}