{"id":515,"date":"2023-06-26T17:28:14","date_gmt":"2023-06-26T14:28:14","guid":{"rendered":"http:\/\/www.otbtournament.fi\/?page_id=515"},"modified":"2025-06-28T19:37:12","modified_gmt":"2025-06-28T16:37:12","slug":"otteluohjelmat","status":"publish","type":"page","link":"https:\/\/www.otbtournament.fi\/?page_id=515","title":{"rendered":"Otteluohjelmat"},"content":{"rendered":"\t\t<div data-elementor-type=\"wp-page\" data-elementor-id=\"515\" class=\"elementor elementor-515\">\n\t\t\t\t\t\t<section class=\"elementor-section elementor-top-section elementor-element elementor-element-5e2d3e9 elementor-section-boxed elementor-section-height-default elementor-section-height-default\" data-id=\"5e2d3e9\" data-element_type=\"section\" data-e-type=\"section\">\n\t\t\t\t\t\t<div class=\"elementor-container elementor-column-gap-default\">\n\t\t\t\t\t<div class=\"elementor-column elementor-col-100 elementor-top-column elementor-element elementor-element-f4372a7\" data-id=\"f4372a7\" data-element_type=\"column\" data-e-type=\"column\">\n\t\t\t<div class=\"elementor-widget-wrap elementor-element-populated\">\n\t\t\t\t\t\t<div class=\"elementor-element elementor-element-6e669b7 elementor-widget-divider--view-line elementor-widget elementor-widget-divider\" data-id=\"6e669b7\" data-element_type=\"widget\" data-e-type=\"widget\" data-widget_type=\"divider.default\">\n\t\t\t\t<div class=\"elementor-widget-container\">\n\t\t\t\t\t\t\t<div class=\"elementor-divider\">\n\t\t\t<span class=\"elementor-divider-separator\">\n\t\t\t\t\t\t<\/span>\n\t\t<\/div>\n\t\t\t\t\t\t<\/div>\n\t\t\t\t<\/div>\n\t\t\t\t<div class=\"elementor-element elementor-element-8022216 elementor-widget elementor-widget-heading\" data-id=\"8022216\" data-element_type=\"widget\" data-e-type=\"widget\" data-widget_type=\"heading.default\">\n\t\t\t\t<div class=\"elementor-widget-container\">\n\t\t\t\t\t<h2 class=\"elementor-heading-title elementor-size-default\"><font size=\"4\"><b>Otteluohjelmat 2025\n <\/b><\/font><\/h2>\t\t\t\t<\/div>\n\t\t\t\t<\/div>\n\t\t\t\t<div class=\"elementor-element elementor-element-f267680 elementor-widget elementor-widget-text-editor\" data-id=\"f267680\" data-element_type=\"widget\" data-e-type=\"widget\" data-widget_type=\"text-editor.default\">\n\t\t\t\t<div class=\"elementor-widget-container\">\n\t\t\t\t\t\t\t\t\t<p>Google Sheets tiedostot.<br \/>Jos tiedosto ei avaudu puhelimessasi &#8211; asenna Google Sheets- app. Tallenna tiedosto puhelimeesi.<br \/>Voit avata tiedoston ja katsoa sit\u00e4 napauttamalla sen nime\u00e4 sovelluksessa.<\/p>\t\t\t\t\t\t\t\t<\/div>\n\t\t\t\t<\/div>\n\t\t\t\t\t<\/div>\n\t\t<\/div>\n\t\t\t\t\t<\/div>\n\t\t<\/section>\n\t\t\t\t<section class=\"elementor-section elementor-top-section elementor-element elementor-element-e42e7f4 elementor-section-boxed elementor-section-height-default elementor-section-height-default\" data-id=\"e42e7f4\" data-element_type=\"section\" data-e-type=\"section\">\n\t\t\t\t\t\t<div class=\"elementor-container elementor-column-gap-default\">\n\t\t\t\t\t<div class=\"elementor-column elementor-col-50 elementor-top-column elementor-element elementor-element-904d944\" data-id=\"904d944\" data-element_type=\"column\" data-e-type=\"column\">\n\t\t\t<div class=\"elementor-widget-wrap elementor-element-populated\">\n\t\t\t\t\t\t<div class=\"elementor-element elementor-element-f44a633 elementor-widget elementor-widget-text-editor\" data-id=\"f44a633\" data-element_type=\"widget\" data-e-type=\"widget\" data-widget_type=\"text-editor.default\">\n\t\t\t\t<div class=\"elementor-widget-container\">\n\t\t\t\t\t\t\t\t\t<p><a href=\"https:\/\/docs.google.com\/spreadsheets\/d\/1VCn4j5FLkR7hci8X0GnIHTbAjJ2rtb5q\/edit?usp=sharing&amp;ouid=115360892129556386353&amp;rtpof=true&amp;sd=true\">OTB 2025_pelaamiskaavio<\/a><\/p>\t\t\t\t\t\t\t\t<\/div>\n\t\t\t\t<\/div>\n\t\t\t\t<div class=\"elementor-element elementor-element-4aaf701 elementor-widget elementor-widget-text-editor\" data-id=\"4aaf701\" data-element_type=\"widget\" data-e-type=\"widget\" data-widget_type=\"text-editor.default\">\n\t\t\t\t<div class=\"elementor-widget-container\">\n\t\t\t\t\t\t\t\t\t<p><a href=\"https:\/\/docs.google.com\/spreadsheets\/d\/1uGPotMUl9h2ZBOT3lsJgY32LvGVbDmOV\/edit?usp=sharing&amp;ouid=115360892129556386353&amp;rtpof=true&amp;sd=true\">Turnauksen otteluohjelma<\/a><\/p>\t\t\t\t\t\t\t\t<\/div>\n\t\t\t\t<\/div>\n\t\t\t\t<div class=\"elementor-element elementor-element-0d175b7 elementor-widget elementor-widget-text-editor\" data-id=\"0d175b7\" data-element_type=\"widget\" data-e-type=\"widget\" data-widget_type=\"text-editor.default\">\n\t\t\t\t<div class=\"elementor-widget-container\">\n\t\t\t\t\t\t\t\t\t<p>N\u00e4ist\u00e4 linkeist\u00e4 p\u00e4\u00e4set tulospalveluun!<\/p><p><a href=\"https:\/\/www.otbtournament.fi\/?page_id=1088\">Perjantai 27.6.2025<\/a><\/p><p><a href=\"https:\/\/www.otbtournament.fi\/?page_id=1098\">Lauantai 28.6.2025<br \/><br \/><\/a><a href=\"https:\/\/www.otbtournament.fi\/?page_id=1121\">Sunnuntai 29.6.2025<\/a><\/p><p>\u00a0<\/p>\t\t\t\t\t\t\t\t<\/div>\n\t\t\t\t<\/div>\n\t\t\t\t<div class=\"elementor-element elementor-element-c92ee9b elementor-widget elementor-widget-text-editor\" data-id=\"c92ee9b\" data-element_type=\"widget\" data-e-type=\"widget\" data-widget_type=\"text-editor.default\">\n\t\t\t\t<div class=\"elementor-widget-container\">\n\t\t\t\t\t\t\t\t\t<p>Otteluohjelma vastaava: <br>Ilkka Hypp\u00f6nen, <br>otb.savonlinna@gmail.com<br>044 987 4283<\/p>\t\t\t\t\t\t\t\t<\/div>\n\t\t\t\t<\/div>\n\t\t\t\t\t<\/div>\n\t\t<\/div>\n\t\t\t\t<div class=\"elementor-column elementor-col-50 elementor-top-column elementor-element elementor-element-9eae25d\" data-id=\"9eae25d\" data-element_type=\"column\" data-e-type=\"column\">\n\t\t\t<div class=\"elementor-widget-wrap elementor-element-populated\">\n\t\t\t\t\t\t<div class=\"elementor-element elementor-element-4c013af elementor-widget elementor-widget-text-editor\" data-id=\"4c013af\" data-element_type=\"widget\" data-e-type=\"widget\" data-widget_type=\"text-editor.default\">\n\t\t\t\t<div class=\"elementor-widget-container\">\n\t\t\t\t\t\t\t\t\t<p><span style=\"text-decoration: underline;\"><strong>Leidit Gun 40+:<\/strong><\/span><\/p><p><img fetchpriority=\"high\" decoding=\"async\" class=\"alignnone wp-image-5414 size-full\" src=\"http:\/\/www.otbtournament.fi\/wp-content\/uploads\/2025\/06\/Nayttokuva-2025-06-28-193344.png\" alt=\"\" width=\"409\" height=\"621\" srcset=\"https:\/\/www.otbtournament.fi\/wp-content\/uploads\/2025\/06\/Nayttokuva-2025-06-28-193344.png 409w, https:\/\/www.otbtournament.fi\/wp-content\/uploads\/2025\/06\/Nayttokuva-2025-06-28-193344-198x300.png 198w\" sizes=\"(max-width: 409px) 100vw, 409px\" \/><\/p><p><span style=\"text-decoration: underline;\"><strong>Leidit Fun 50+:<\/strong><\/span><\/p><p><img decoding=\"async\" class=\"alignnone wp-image-5410 size-full\" src=\"http:\/\/www.otbtournament.fi\/wp-content\/uploads\/2025\/06\/Nayttokuva-2025-06-28-192940.png\" alt=\"\" width=\"480\" height=\"615\" srcset=\"https:\/\/www.otbtournament.fi\/wp-content\/uploads\/2025\/06\/Nayttokuva-2025-06-28-192940.png 480w, https:\/\/www.otbtournament.fi\/wp-content\/uploads\/2025\/06\/Nayttokuva-2025-06-28-192940-234x300.png 234w\" sizes=\"(max-width: 480px) 100vw, 480px\" \/><br \/><span style=\"text-decoration: underline;\"><strong>Super 35+ &amp; Haastajat 35+:<\/strong><\/span><\/p><p><strong><img decoding=\"async\" class=\"alignnone wp-image-5367 size-full\" src=\"http:\/\/www.otbtournament.fi\/wp-content\/uploads\/2025\/06\/Nayttokuva-2025-06-28-175026.png\" alt=\"\" width=\"426\" height=\"638\" srcset=\"https:\/\/www.otbtournament.fi\/wp-content\/uploads\/2025\/06\/Nayttokuva-2025-06-28-175026.png 426w, https:\/\/www.otbtournament.fi\/wp-content\/uploads\/2025\/06\/Nayttokuva-2025-06-28-175026-200x300.png 200w\" sizes=\"(max-width: 426px) 100vw, 426px\" \/><br \/><\/strong><\/p><p><span style=\"text-decoration: underline;\"><strong>Esikuvat 40+:<\/strong><\/span><\/p><p><strong><img loading=\"lazy\" decoding=\"async\" class=\"alignnone wp-image-5382 size-full\" src=\"http:\/\/www.otbtournament.fi\/wp-content\/uploads\/2025\/06\/Nayttokuva-2025-06-28-183200.png\" alt=\"\" width=\"433\" height=\"660\" srcset=\"https:\/\/www.otbtournament.fi\/wp-content\/uploads\/2025\/06\/Nayttokuva-2025-06-28-183200.png 433w, https:\/\/www.otbtournament.fi\/wp-content\/uploads\/2025\/06\/Nayttokuva-2025-06-28-183200-197x300.png 197w\" sizes=\"(max-width: 433px) 100vw, 433px\" \/><br \/><\/strong><\/p><p><span style=\"text-decoration: underline;\"><strong>Konkarit 45+:<br \/><\/strong><\/span><br \/><span style=\"text-decoration: underline;\"><img loading=\"lazy\" decoding=\"async\" class=\"alignnone wp-image-5392 size-full\" src=\"http:\/\/www.otbtournament.fi\/wp-content\/uploads\/2025\/06\/Nayttokuva-2025-06-28-184911.png\" alt=\"\" width=\"492\" height=\"661\" srcset=\"https:\/\/www.otbtournament.fi\/wp-content\/uploads\/2025\/06\/Nayttokuva-2025-06-28-184911.png 492w, https:\/\/www.otbtournament.fi\/wp-content\/uploads\/2025\/06\/Nayttokuva-2025-06-28-184911-223x300.png 223w\" sizes=\"(max-width: 492px) 100vw, 492px\" \/><br \/><\/span><\/p><p><span style=\"text-decoration: underline;\"><strong>Legendat 50+:<\/strong><\/span><\/p><p><img loading=\"lazy\" decoding=\"async\" class=\"alignnone wp-image-5399 size-full\" src=\"http:\/\/www.otbtournament.fi\/wp-content\/uploads\/2025\/06\/Nayttokuva-2025-06-28-190636.png\" alt=\"\" width=\"576\" height=\"624\" srcset=\"https:\/\/www.otbtournament.fi\/wp-content\/uploads\/2025\/06\/Nayttokuva-2025-06-28-190636.png 576w, https:\/\/www.otbtournament.fi\/wp-content\/uploads\/2025\/06\/Nayttokuva-2025-06-28-190636-277x300.png 277w\" sizes=\"(max-width: 576px) 100vw, 576px\" \/><\/p><p><strong><span style=\"text-decoration: underline;\">Ikonit 55+:<\/span><\/strong><\/p><p><strong><img loading=\"lazy\" decoding=\"async\" class=\"alignnone wp-image-5378 size-full\" src=\"http:\/\/www.otbtournament.fi\/wp-content\/uploads\/2025\/06\/Nayttokuva-2025-06-28-182246.png\" alt=\"\" width=\"585\" height=\"618\" srcset=\"https:\/\/www.otbtournament.fi\/wp-content\/uploads\/2025\/06\/Nayttokuva-2025-06-28-182246.png 585w, https:\/\/www.otbtournament.fi\/wp-content\/uploads\/2025\/06\/Nayttokuva-2025-06-28-182246-284x300.png 284w\" sizes=\"(max-width: 585px) 100vw, 585px\" \/><\/strong><\/p><p><strong><span style=\"text-decoration: underline;\">Great Old Man 60+:<br \/><\/span><br \/><img loading=\"lazy\" decoding=\"async\" class=\"alignnone wp-image-5406 size-full\" src=\"http:\/\/www.otbtournament.fi\/wp-content\/uploads\/2025\/06\/Nayttokuva-2025-06-28-191908.png\" alt=\"\" width=\"419\" height=\"633\" srcset=\"https:\/\/www.otbtournament.fi\/wp-content\/uploads\/2025\/06\/Nayttokuva-2025-06-28-191908.png 419w, https:\/\/www.otbtournament.fi\/wp-content\/uploads\/2025\/06\/Nayttokuva-2025-06-28-191908-199x300.png 199w\" sizes=\"(max-width: 419px) 100vw, 419px\" \/><br \/><\/strong><\/p><p><span style=\"text-decoration: underline;\"><strong>Nallet 65+ &amp; Virtuoosit 70+:<br \/><\/strong><\/span><br \/><img loading=\"lazy\" decoding=\"async\" class=\"alignnone wp-image-5418 size-full\" src=\"http:\/\/www.otbtournament.fi\/wp-content\/uploads\/2025\/06\/Nayttokuva-2025-06-28-193645.png\" alt=\"\" width=\"418\" height=\"540\" srcset=\"https:\/\/www.otbtournament.fi\/wp-content\/uploads\/2025\/06\/Nayttokuva-2025-06-28-193645.png 418w, https:\/\/www.otbtournament.fi\/wp-content\/uploads\/2025\/06\/Nayttokuva-2025-06-28-193645-232x300.png 232w\" sizes=\"(max-width: 418px) 100vw, 418px\" \/><\/p><p><strong>\u00a0<\/strong><\/p><p><strong>\u00a0<\/strong><\/p>\t\t\t\t\t\t\t\t<\/div>\n\t\t\t\t<\/div>\n\t\t\t\t\t<\/div>\n\t\t<\/div>\n\t\t\t\t\t<\/div>\n\t\t<\/section>\n\t\t\t\t<\/div>\n\t\t","protected":false},"excerpt":{"rendered":"<p>Otteluohjelmat 2025 Google Sheets tiedostot.Jos tiedosto ei avaudu puhelimessasi &#8211; asenna Google Sheets- app. Tallenna tiedosto puhelimeesi.Voit avata tiedoston ja katsoa sit\u00e4 napauttamalla sen nime\u00e4 sovelluksessa. OTB 2025_pelaamiskaavio Turnauksen otteluohjelma N\u00e4ist\u00e4 linkeist\u00e4 p\u00e4\u00e4set tulospalveluun! Perjantai 27.6.2025 Lauantai 28.6.2025 Sunnuntai 29.6.2025 \u00a0 Otteluohjelma vastaava: Ilkka Hypp\u00f6nen, otb.savonlinna@gmail.com044 987 4283 Leidit Gun 40+: Leidit Fun 50+: Super [&hellip;]<\/p>\n","protected":false},"author":1,"featured_media":0,"parent":0,"menu_order":0,"comment_status":"closed","ping_status":"closed","template":"","meta":{"site-sidebar-layout":"no-sidebar","site-content-layout":"page-builder","ast-site-content-layout":"default","site-content-style":"default","site-sidebar-style":"default","ast-global-header-display":"","ast-banner-title-visibility":"","ast-main-header-display":"","ast-hfb-above-header-display":"","ast-hfb-below-header-display":"","ast-hfb-mobile-header-display":"","site-post-title":"disabled","ast-breadcrumbs-content":"","ast-featured-img":"disabled","footer-sml-layout":"","ast-disable-related-posts":"","theme-transparent-header-meta":"default","adv-header-id-meta":"","stick-header-meta":"","header-above-stick-meta":"","header-main-stick-meta":"","header-below-stick-meta":"","astra-migrate-meta-layouts":"default","ast-page-background-enabled":"default","ast-page-background-meta":{"desktop":{"background-color":"","background-image":"","background-repeat":"repeat","background-position":"center center","background-size":"auto","background-attachment":"scroll","background-type":"","background-media":"","overlay-type":"","overlay-color":"","overlay-opacity":"","overlay-gradient":""},"tablet":{"background-color":"","background-image":"","background-repeat":"repeat","background-position":"center center","background-size":"auto","background-attachment":"scroll","background-type":"","background-media":"","overlay-type":"","overlay-color":"","overlay-opacity":"","overlay-gradient":""},"mobile":{"background-color":"","background-image":"","background-repeat":"repeat","background-position":"center center","background-size":"auto","background-attachment":"scroll","background-type":"","background-media":"","overlay-type":"","overlay-color":"","overlay-opacity":"","overlay-gradient":""}},"ast-content-background-meta":{"desktop":{"background-color":"var(--ast-global-color-5)","background-image":"","background-repeat":"repeat","background-position":"center center","background-size":"auto","background-attachment":"scroll","background-type":"","background-media":"","overlay-type":"","overlay-color":"","overlay-opacity":"","overlay-gradient":""},"tablet":{"background-color":"var(--ast-global-color-5)","background-image":"","background-repeat":"repeat","background-position":"center center","background-size":"auto","background-attachment":"scroll","background-type":"","background-media":"","overlay-type":"","overlay-color":"","overlay-opacity":"","overlay-gradient":""},"mobile":{"background-color":"var(--ast-global-color-5)","background-image":"","background-repeat":"repeat","background-position":"center center","background-size":"auto","background-attachment":"scroll","background-type":"","background-media":"","overlay-type":"","overlay-color":"","overlay-opacity":"","overlay-gradient":""}},"footnotes":""},"class_list":["post-515","page","type-page","status-publish","hentry"],"yoast_head":"<!-- This site is optimized with the Yoast SEO plugin v27.1.1 - https:\/\/yoast.com\/product\/yoast-seo-wordpress\/ -->\n<title>Otteluohjelmat - www.otbtournament.fi<\/title>\n<meta name=\"robots\" content=\"index, follow, max-snippet:-1, max-image-preview:large, max-video-preview:-1\" \/>\n<link rel=\"canonical\" href=\"https:\/\/www.otbtournament.fi\/?page_id=515\" \/>\n<meta property=\"og:locale\" content=\"fi_FI\" \/>\n<meta property=\"og:type\" content=\"article\" \/>\n<meta property=\"og:title\" content=\"Otteluohjelmat - www.otbtournament.fi\" \/>\n<meta property=\"og:description\" content=\"Otteluohjelmat 2025 Google Sheets tiedostot.Jos tiedosto ei avaudu puhelimessasi &#8211; asenna Google Sheets- app. Tallenna tiedosto puhelimeesi.Voit avata tiedoston ja katsoa sit\u00e4 napauttamalla sen nime\u00e4 sovelluksessa. OTB 2025_pelaamiskaavio Turnauksen otteluohjelma N\u00e4ist\u00e4 linkeist\u00e4 p\u00e4\u00e4set tulospalveluun! Perjantai 27.6.2025 Lauantai 28.6.2025 Sunnuntai 29.6.2025 \u00a0 Otteluohjelma vastaava: Ilkka Hypp\u00f6nen, otb.savonlinna@gmail.com044 987 4283 Leidit Gun 40+: Leidit Fun 50+: Super [&hellip;]\" \/>\n<meta property=\"og:url\" content=\"https:\/\/www.otbtournament.fi\/?page_id=515\" \/>\n<meta property=\"og:site_name\" content=\"www.otbtournament.fi\" \/>\n<meta property=\"article:publisher\" content=\"https:\/\/www.facebook.com\/groups\/157434721110832\" \/>\n<meta property=\"article:modified_time\" content=\"2025-06-28T16:37:12+00:00\" \/>\n<meta property=\"og:image\" content=\"http:\/\/www.otbtournament.fi\/wp-content\/uploads\/2025\/06\/Nayttokuva-2025-06-28-193344.png\" \/>\n<meta name=\"twitter:card\" content=\"summary_large_image\" \/>\n<meta name=\"twitter:label1\" content=\"Arvioitu lukuaika\" \/>\n\t<meta name=\"twitter:data1\" content=\"3 minuuttia\" \/>\n<script type=\"application\/ld+json\" class=\"yoast-schema-graph\">{\"@context\":\"https:\/\/schema.org\",\"@graph\":[{\"@type\":\"WebPage\",\"@id\":\"https:\/\/www.otbtournament.fi\/?page_id=515\",\"url\":\"https:\/\/www.otbtournament.fi\/?page_id=515\",\"name\":\"Otteluohjelmat - www.otbtournament.fi\",\"isPartOf\":{\"@id\":\"https:\/\/www.otbtournament.fi\/#website\"},\"primaryImageOfPage\":{\"@id\":\"https:\/\/www.otbtournament.fi\/?page_id=515#primaryimage\"},\"image\":{\"@id\":\"https:\/\/www.otbtournament.fi\/?page_id=515#primaryimage\"},\"thumbnailUrl\":\"http:\/\/www.otbtournament.fi\/wp-content\/uploads\/2025\/06\/Nayttokuva-2025-06-28-193344.png\",\"datePublished\":\"2023-06-26T14:28:14+00:00\",\"dateModified\":\"2025-06-28T16:37:12+00:00\",\"breadcrumb\":{\"@id\":\"https:\/\/www.otbtournament.fi\/?page_id=515#breadcrumb\"},\"inLanguage\":\"fi\",\"potentialAction\":[{\"@type\":\"ReadAction\",\"target\":[\"https:\/\/www.otbtournament.fi\/?page_id=515\"]}]},{\"@type\":\"ImageObject\",\"inLanguage\":\"fi\",\"@id\":\"https:\/\/www.otbtournament.fi\/?page_id=515#primaryimage\",\"url\":\"https:\/\/www.otbtournament.fi\/wp-content\/uploads\/2025\/06\/Nayttokuva-2025-06-28-193344.png\",\"contentUrl\":\"https:\/\/www.otbtournament.fi\/wp-content\/uploads\/2025\/06\/Nayttokuva-2025-06-28-193344.png\",\"width\":409,\"height\":621},{\"@type\":\"BreadcrumbList\",\"@id\":\"https:\/\/www.otbtournament.fi\/?page_id=515#breadcrumb\",\"itemListElement\":[{\"@type\":\"ListItem\",\"position\":1,\"name\":\"Etusivu\",\"item\":\"https:\/\/www.otbtournament.fi\/\"},{\"@type\":\"ListItem\",\"position\":2,\"name\":\"Otteluohjelmat\"}]},{\"@type\":\"WebSite\",\"@id\":\"https:\/\/www.otbtournament.fi\/#website\",\"url\":\"https:\/\/www.otbtournament.fi\/\",\"name\":\"www.otbtournament.fi\",\"description\":\"OTB sivut\",\"publisher\":{\"@id\":\"https:\/\/www.otbtournament.fi\/#organization\"},\"potentialAction\":[{\"@type\":\"SearchAction\",\"target\":{\"@type\":\"EntryPoint\",\"urlTemplate\":\"https:\/\/www.otbtournament.fi\/?s={search_term_string}\"},\"query-input\":{\"@type\":\"PropertyValueSpecification\",\"valueRequired\":true,\"valueName\":\"search_term_string\"}}],\"inLanguage\":\"fi\"},{\"@type\":\"Organization\",\"@id\":\"https:\/\/www.otbtournament.fi\/#organization\",\"name\":\"OTB Old Timers Basketball Tournament\",\"url\":\"https:\/\/www.otbtournament.fi\/\",\"logo\":{\"@type\":\"ImageObject\",\"inLanguage\":\"fi\",\"@id\":\"https:\/\/www.otbtournament.fi\/#\/schema\/logo\/image\/\",\"url\":\"http:\/\/www.otbtournament.fi\/wp-content\/uploads\/2021\/08\/OTBt_iso.jpg\",\"contentUrl\":\"http:\/\/www.otbtournament.fi\/wp-content\/uploads\/2021\/08\/OTBt_iso.jpg\",\"width\":701,\"height\":700,\"caption\":\"OTB Old Timers Basketball Tournament\"},\"image\":{\"@id\":\"https:\/\/www.otbtournament.fi\/#\/schema\/logo\/image\/\"},\"sameAs\":[\"https:\/\/www.facebook.com\/groups\/157434721110832\"]}]}<\/script>\n<!-- \/ Yoast SEO plugin. -->","yoast_head_json":{"title":"Otteluohjelmat - www.otbtournament.fi","robots":{"index":"index","follow":"follow","max-snippet":"max-snippet:-1","max-image-preview":"max-image-preview:large","max-video-preview":"max-video-preview:-1"},"canonical":"https:\/\/www.otbtournament.fi\/?page_id=515","og_locale":"fi_FI","og_type":"article","og_title":"Otteluohjelmat - www.otbtournament.fi","og_description":"Otteluohjelmat 2025 Google Sheets tiedostot.Jos tiedosto ei avaudu puhelimessasi &#8211; asenna Google Sheets- app. Tallenna tiedosto puhelimeesi.Voit avata tiedoston ja katsoa sit\u00e4 napauttamalla sen nime\u00e4 sovelluksessa. OTB 2025_pelaamiskaavio Turnauksen otteluohjelma N\u00e4ist\u00e4 linkeist\u00e4 p\u00e4\u00e4set tulospalveluun! Perjantai 27.6.2025 Lauantai 28.6.2025 Sunnuntai 29.6.2025 \u00a0 Otteluohjelma vastaava: Ilkka Hypp\u00f6nen, otb.savonlinna@gmail.com044 987 4283 Leidit Gun 40+: Leidit Fun 50+: Super [&hellip;]","og_url":"https:\/\/www.otbtournament.fi\/?page_id=515","og_site_name":"www.otbtournament.fi","article_publisher":"https:\/\/www.facebook.com\/groups\/157434721110832","article_modified_time":"2025-06-28T16:37:12+00:00","og_image":[{"url":"http:\/\/www.otbtournament.fi\/wp-content\/uploads\/2025\/06\/Nayttokuva-2025-06-28-193344.png","type":"","width":"","height":""}],"twitter_card":"summary_large_image","twitter_misc":{"Arvioitu lukuaika":"3 minuuttia"},"schema":{"@context":"https:\/\/schema.org","@graph":[{"@type":"WebPage","@id":"https:\/\/www.otbtournament.fi\/?page_id=515","url":"https:\/\/www.otbtournament.fi\/?page_id=515","name":"Otteluohjelmat - www.otbtournament.fi","isPartOf":{"@id":"https:\/\/www.otbtournament.fi\/#website"},"primaryImageOfPage":{"@id":"https:\/\/www.otbtournament.fi\/?page_id=515#primaryimage"},"image":{"@id":"https:\/\/www.otbtournament.fi\/?page_id=515#primaryimage"},"thumbnailUrl":"http:\/\/www.otbtournament.fi\/wp-content\/uploads\/2025\/06\/Nayttokuva-2025-06-28-193344.png","datePublished":"2023-06-26T14:28:14+00:00","dateModified":"2025-06-28T16:37:12+00:00","breadcrumb":{"@id":"https:\/\/www.otbtournament.fi\/?page_id=515#breadcrumb"},"inLanguage":"fi","potentialAction":[{"@type":"ReadAction","target":["https:\/\/www.otbtournament.fi\/?page_id=515"]}]},{"@type":"ImageObject","inLanguage":"fi","@id":"https:\/\/www.otbtournament.fi\/?page_id=515#primaryimage","url":"https:\/\/www.otbtournament.fi\/wp-content\/uploads\/2025\/06\/Nayttokuva-2025-06-28-193344.png","contentUrl":"https:\/\/www.otbtournament.fi\/wp-content\/uploads\/2025\/06\/Nayttokuva-2025-06-28-193344.png","width":409,"height":621},{"@type":"BreadcrumbList","@id":"https:\/\/www.otbtournament.fi\/?page_id=515#breadcrumb","itemListElement":[{"@type":"ListItem","position":1,"name":"Etusivu","item":"https:\/\/www.otbtournament.fi\/"},{"@type":"ListItem","position":2,"name":"Otteluohjelmat"}]},{"@type":"WebSite","@id":"https:\/\/www.otbtournament.fi\/#website","url":"https:\/\/www.otbtournament.fi\/","name":"www.otbtournament.fi","description":"OTB sivut","publisher":{"@id":"https:\/\/www.otbtournament.fi\/#organization"},"potentialAction":[{"@type":"SearchAction","target":{"@type":"EntryPoint","urlTemplate":"https:\/\/www.otbtournament.fi\/?s={search_term_string}"},"query-input":{"@type":"PropertyValueSpecification","valueRequired":true,"valueName":"search_term_string"}}],"inLanguage":"fi"},{"@type":"Organization","@id":"https:\/\/www.otbtournament.fi\/#organization","name":"OTB Old Timers Basketball Tournament","url":"https:\/\/www.otbtournament.fi\/","logo":{"@type":"ImageObject","inLanguage":"fi","@id":"https:\/\/www.otbtournament.fi\/#\/schema\/logo\/image\/","url":"http:\/\/www.otbtournament.fi\/wp-content\/uploads\/2021\/08\/OTBt_iso.jpg","contentUrl":"http:\/\/www.otbtournament.fi\/wp-content\/uploads\/2021\/08\/OTBt_iso.jpg","width":701,"height":700,"caption":"OTB Old Timers Basketball Tournament"},"image":{"@id":"https:\/\/www.otbtournament.fi\/#\/schema\/logo\/image\/"},"sameAs":["https:\/\/www.facebook.com\/groups\/157434721110832"]}]}},"_links":{"self":[{"href":"https:\/\/www.otbtournament.fi\/index.php?rest_route=\/wp\/v2\/pages\/515","targetHints":{"allow":["GET"]}}],"collection":[{"href":"https:\/\/www.otbtournament.fi\/index.php?rest_route=\/wp\/v2\/pages"}],"about":[{"href":"https:\/\/www.otbtournament.fi\/index.php?rest_route=\/wp\/v2\/types\/page"}],"author":[{"embeddable":true,"href":"https:\/\/www.otbtournament.fi\/index.php?rest_route=\/wp\/v2\/users\/1"}],"replies":[{"embeddable":true,"href":"https:\/\/www.otbtournament.fi\/index.php?rest_route=%2Fwp%2Fv2%2Fcomments&post=515"}],"version-history":[{"count":376,"href":"https:\/\/www.otbtournament.fi\/index.php?rest_route=\/wp\/v2\/pages\/515\/revisions"}],"predecessor-version":[{"id":5421,"href":"https:\/\/www.otbtournament.fi\/index.php?rest_route=\/wp\/v2\/pages\/515\/revisions\/5421"}],"wp:attachment":[{"href":"https:\/\/www.otbtournament.fi\/index.php?rest_route=%2Fwp%2Fv2%2Fmedia&parent=515"}],"curies":[{"name":"wp","href":"https:\/\/api.w.org\/{rel}","templated":true}]}}