{"id":30,"date":"2020-04-13T11:18:54","date_gmt":"2020-04-13T11:18:54","guid":{"rendered":"http:\/\/www.otbtournament.fi\/?page_id=30"},"modified":"2026-05-12T21:17:49","modified_gmt":"2026-05-12T18:17:49","slug":"home","status":"publish","type":"page","link":"https:\/\/www.otbtournament.fi\/","title":{"rendered":"Etusivu"},"content":{"rendered":"\t\t<div data-elementor-type=\"wp-page\" data-elementor-id=\"30\" class=\"elementor elementor-30\">\n\t\t\t\t\t\t<section class=\"elementor-section elementor-top-section elementor-element elementor-element-5939a86c elementor-section-height-min-height elementor-section-boxed elementor-section-height-default elementor-section-items-middle\" data-id=\"5939a86c\" data-element_type=\"section\" data-e-type=\"section\" data-settings=\"{&quot;background_background&quot;:&quot;classic&quot;}\">\n\t\t\t\t\t\t\t<div class=\"elementor-background-overlay\"><\/div>\n\t\t\t\t\t\t\t<div class=\"elementor-container elementor-column-gap-no\">\n\t\t\t\t\t<div class=\"elementor-column elementor-col-100 elementor-top-column elementor-element elementor-element-6f6a47a9\" data-id=\"6f6a47a9\" data-element_type=\"column\" data-e-type=\"column\">\n\t\t\t<div class=\"elementor-widget-wrap elementor-element-populated\">\n\t\t\t\t\t\t<div class=\"elementor-element elementor-element-e7c61fc elementor-widget elementor-widget-spacer\" data-id=\"e7c61fc\" data-element_type=\"widget\" data-e-type=\"widget\" data-widget_type=\"spacer.default\">\n\t\t\t\t<div class=\"elementor-widget-container\">\n\t\t\t\t\t\t\t<div class=\"elementor-spacer\">\n\t\t\t<div class=\"elementor-spacer-inner\"><\/div>\n\t\t<\/div>\n\t\t\t\t\t\t<\/div>\n\t\t\t\t<\/div>\n\t\t\t\t<div class=\"elementor-element elementor-element-1580a0f elementor-widget elementor-widget-heading\" data-id=\"1580a0f\" data-element_type=\"widget\" data-e-type=\"widget\" data-widget_type=\"heading.default\">\n\t\t\t\t<div class=\"elementor-widget-container\">\n\t\t\t\t\t<h1 class=\"elementor-heading-title elementor-size-default\"><b>OTB XLIII 2026<\/b><\/h1>\t\t\t\t<\/div>\n\t\t\t\t<\/div>\n\t\t\t\t<div class=\"elementor-element elementor-element-74d36843 elementor-widget elementor-widget-heading\" data-id=\"74d36843\" data-element_type=\"widget\" data-e-type=\"widget\" data-widget_type=\"heading.default\">\n\t\t\t\t<div class=\"elementor-widget-container\">\n\t\t\t\t\t<h2 class=\"elementor-heading-title elementor-size-default\"><span style=\"font-weight: 700\">Pe-Su 26.-28.6.2026<\/span><\/h2>\t\t\t\t<\/div>\n\t\t\t\t<\/div>\n\t\t\t\t<div class=\"elementor-element elementor-element-e2d6d93 elementor-widget elementor-widget-image\" data-id=\"e2d6d93\" data-element_type=\"widget\" data-e-type=\"widget\" data-widget_type=\"image.default\">\n\t\t\t\t<div class=\"elementor-widget-container\">\n\t\t\t\t\t\t\t\t\t\t\t\t\t\t\t<img decoding=\"async\" src=\"https:\/\/www.otbtournament.fi\/wp-content\/uploads\/2021\/04\/2logoa2-1.png\" title=\"2logoa2\" alt=\"Logot\" loading=\"lazy\" \/>\t\t\t\t\t\t\t\t\t\t\t\t\t\t\t<\/div>\n\t\t\t\t<\/div>\n\t\t\t\t<div class=\"elementor-element elementor-element-2ce024d elementor-widget elementor-widget-image\" data-id=\"2ce024d\" data-element_type=\"widget\" data-e-type=\"widget\" data-widget_type=\"image.default\">\n\t\t\t\t<div class=\"elementor-widget-container\">\n\t\t\t\t\t\t\t\t\t\t\t\t\t\t\t\t<a href=\"http:\/\/www.basketsavonlinna.fi\/\">\n\t\t\t\t\t\t\t<img decoding=\"async\" width=\"200\" height=\"75\" src=\"https:\/\/www.otbtournament.fi\/wp-content\/uploads\/2021\/04\/cropped-pnglogo_glow.png\" class=\"attachment-large size-large wp-image-321\" alt=\"\" srcset=\"https:\/\/www.otbtournament.fi\/wp-content\/uploads\/2021\/04\/cropped-pnglogo_glow.png 200w, https:\/\/www.otbtournament.fi\/wp-content\/uploads\/2021\/04\/cropped-pnglogo_glow-180x68.png 180w\" sizes=\"(max-width: 200px) 100vw, 200px\" \/>\t\t\t\t\t\t\t\t<\/a>\n\t\t\t\t\t\t\t\t\t\t\t\t\t\t\t<\/div>\n\t\t\t\t<\/div>\n\t\t\t\t<div class=\"elementor-element elementor-element-ccdd3bd elementor-widget elementor-widget-spacer\" data-id=\"ccdd3bd\" data-element_type=\"widget\" data-e-type=\"widget\" data-widget_type=\"spacer.default\">\n\t\t\t\t<div class=\"elementor-widget-container\">\n\t\t\t\t\t\t\t<div class=\"elementor-spacer\">\n\t\t\t<div class=\"elementor-spacer-inner\"><\/div>\n\t\t<\/div>\n\t\t\t\t\t\t<\/div>\n\t\t\t\t<\/div>\n\t\t\t\t\t<\/div>\n\t\t<\/div>\n\t\t\t\t\t<\/div>\n\t\t<\/section>\n\t\t\t\t<section class=\"elementor-section elementor-top-section elementor-element elementor-element-4076731b elementor-section-boxed elementor-section-height-default elementor-section-height-default\" data-id=\"4076731b\" data-element_type=\"section\" data-e-type=\"section\" data-settings=\"{&quot;background_background&quot;:&quot;classic&quot;}\">\n\t\t\t\t\t\t\t<div class=\"elementor-background-overlay\"><\/div>\n\t\t\t\t\t\t\t<div class=\"elementor-container elementor-column-gap-no\">\n\t\t\t\t\t<div class=\"elementor-column elementor-col-100 elementor-top-column elementor-element elementor-element-7940ca75\" data-id=\"7940ca75\" data-element_type=\"column\" data-e-type=\"column\">\n\t\t\t<div class=\"elementor-widget-wrap elementor-element-populated\">\n\t\t\t\t\t\t<div class=\"elementor-element elementor-element-8eb0793 elementor-widget elementor-widget-heading\" data-id=\"8eb0793\" data-element_type=\"widget\" data-e-type=\"widget\" data-widget_type=\"heading.default\">\n\t\t\t\t<div class=\"elementor-widget-container\">\n\t\t\t\t\t<h4 class=\"elementor-heading-title elementor-size-large\">Tervetuloa mukaan j\u00e4lleen 2026 viikko juhannuksen j\u00e4lkeen!<\/h4>\t\t\t\t<\/div>\n\t\t\t\t<\/div>\n\t\t\t\t<div class=\"elementor-element elementor-element-c7eec9d elementor-widget elementor-widget-text-editor\" data-id=\"c7eec9d\" data-element_type=\"widget\" data-e-type=\"widget\" data-widget_type=\"text-editor.default\">\n\t\t\t\t<div class=\"elementor-widget-container\">\n\t\t\t\t\t\t\t\t\t<p>OTB 2026 perjantaista sunnuntaihin 26.-28. kes\u00e4kuuta!<\/p>\t\t\t\t\t\t\t\t<\/div>\n\t\t\t\t<\/div>\n\t\t\t\t\t<\/div>\n\t\t<\/div>\n\t\t\t\t\t<\/div>\n\t\t<\/section>\n\t\t\t\t<\/div>\n\t\t","protected":false},"excerpt":{"rendered":"<p>OTB XLIII 2026 Pe-Su 26.-28.6.2026 Tervetuloa mukaan j\u00e4lleen 2026 viikko juhannuksen j\u00e4lkeen! OTB 2026 perjantaista sunnuntaihin 26.-28. kes\u00e4kuuta!<\/p>\n","protected":false},"author":1,"featured_media":0,"parent":0,"menu_order":0,"comment_status":"closed","ping_status":"closed","template":"","meta":{"site-sidebar-layout":"no-sidebar","site-content-layout":"page-builder","ast-site-content-layout":"default","site-content-style":"default","site-sidebar-style":"default","ast-global-header-display":"","ast-banner-title-visibility":"","ast-main-header-display":"","ast-hfb-above-header-display":"","ast-hfb-below-header-display":"","ast-hfb-mobile-header-display":"","site-post-title":"disabled","ast-breadcrumbs-content":"","ast-featured-img":"","footer-sml-layout":"","ast-disable-related-posts":"","theme-transparent-header-meta":"enabled","adv-header-id-meta":"","stick-header-meta":"","header-above-stick-meta":"","header-main-stick-meta":"","header-below-stick-meta":"","astra-migrate-meta-layouts":"default","ast-page-background-enabled":"default","ast-page-background-meta":{"desktop":{"background-color":"","background-image":"","background-repeat":"repeat","background-position":"center center","background-size":"auto","background-attachment":"scroll","background-type":"","background-media":"","overlay-type":"","overlay-color":"","overlay-opacity":"","overlay-gradient":""},"tablet":{"background-color":"","background-image":"","background-repeat":"repeat","background-position":"center center","background-size":"auto","background-attachment":"scroll","background-type":"","background-media":"","overlay-type":"","overlay-color":"","overlay-opacity":"","overlay-gradient":""},"mobile":{"background-color":"","background-image":"","background-repeat":"repeat","background-position":"center center","background-size":"auto","background-attachment":"scroll","background-type":"","background-media":"","overlay-type":"","overlay-color":"","overlay-opacity":"","overlay-gradient":""}},"ast-content-background-meta":{"desktop":{"background-color":"var(--ast-global-color-5)","background-image":"","background-repeat":"repeat","background-position":"center center","background-size":"auto","background-attachment":"scroll","background-type":"","background-media":"","overlay-type":"","overlay-color":"","overlay-opacity":"","overlay-gradient":""},"tablet":{"background-color":"var(--ast-global-color-5)","background-image":"","background-repeat":"repeat","background-position":"center center","background-size":"auto","background-attachment":"scroll","background-type":"","background-media":"","overlay-type":"","overlay-color":"","overlay-opacity":"","overlay-gradient":""},"mobile":{"background-color":"var(--ast-global-color-5)","background-image":"","background-repeat":"repeat","background-position":"center center","background-size":"auto","background-attachment":"scroll","background-type":"","background-media":"","overlay-type":"","overlay-color":"","overlay-opacity":"","overlay-gradient":""}},"footnotes":""},"class_list":["post-30","page","type-page","status-publish","hentry"],"yoast_head":"<!-- This site is optimized with the Yoast SEO plugin v27.1.1 - https:\/\/yoast.com\/product\/yoast-seo-wordpress\/ -->\n<title>Etusivu - www.otbtournament.fi<\/title>\n<meta name=\"robots\" content=\"index, follow, max-snippet:-1, max-image-preview:large, max-video-preview:-1\" \/>\n<link rel=\"canonical\" href=\"https:\/\/www.otbtournament.fi\/\" \/>\n<meta property=\"og:locale\" content=\"fi_FI\" \/>\n<meta property=\"og:type\" content=\"article\" \/>\n<meta property=\"og:title\" content=\"Etusivu - www.otbtournament.fi\" \/>\n<meta property=\"og:description\" content=\"OTB XLIII 2026 Pe-Su 26.-28.6.2026 Tervetuloa mukaan j\u00e4lleen 2026 viikko juhannuksen j\u00e4lkeen! OTB 2026 perjantaista sunnuntaihin 26.-28. kes\u00e4kuuta!\" \/>\n<meta property=\"og:url\" content=\"https:\/\/www.otbtournament.fi\/\" \/>\n<meta property=\"og:site_name\" content=\"www.otbtournament.fi\" \/>\n<meta property=\"article:publisher\" content=\"https:\/\/www.facebook.com\/groups\/157434721110832\" \/>\n<meta property=\"article:modified_time\" content=\"2026-05-12T18:17:49+00:00\" \/>\n<meta property=\"og:image\" content=\"http:\/\/www.otbtournament.fi\/wp-content\/uploads\/elementor\/thumbs\/2logoa2-1-p5r3gp7imq0h0wh5gy1dquvlyjoo52vio1lekfqxn4.png\" \/>\n<meta name=\"twitter:card\" content=\"summary_large_image\" \/>\n<meta name=\"twitter:label1\" content=\"Arvioitu lukuaika\" \/>\n\t<meta name=\"twitter:data1\" content=\"1 minuutti\" \/>\n<script type=\"application\/ld+json\" class=\"yoast-schema-graph\">{\"@context\":\"https:\/\/schema.org\",\"@graph\":[{\"@type\":\"WebPage\",\"@id\":\"https:\/\/www.otbtournament.fi\/\",\"url\":\"https:\/\/www.otbtournament.fi\/\",\"name\":\"Etusivu - www.otbtournament.fi\",\"isPartOf\":{\"@id\":\"https:\/\/www.otbtournament.fi\/#website\"},\"primaryImageOfPage\":{\"@id\":\"https:\/\/www.otbtournament.fi\/#primaryimage\"},\"image\":{\"@id\":\"https:\/\/www.otbtournament.fi\/#primaryimage\"},\"thumbnailUrl\":\"http:\/\/www.otbtournament.fi\/wp-content\/uploads\/elementor\/thumbs\/2logoa2-1-p5r3gp7imq0h0wh5gy1dquvlyjoo52vio1lekfqxn4.png\",\"datePublished\":\"2020-04-13T11:18:54+00:00\",\"dateModified\":\"2026-05-12T18:17:49+00:00\",\"breadcrumb\":{\"@id\":\"https:\/\/www.otbtournament.fi\/#breadcrumb\"},\"inLanguage\":\"fi\",\"potentialAction\":[{\"@type\":\"ReadAction\",\"target\":[\"https:\/\/www.otbtournament.fi\/\"]}]},{\"@type\":\"ImageObject\",\"inLanguage\":\"fi\",\"@id\":\"https:\/\/www.otbtournament.fi\/#primaryimage\",\"url\":\"http:\/\/www.otbtournament.fi\/wp-content\/uploads\/elementor\/thumbs\/2logoa2-1-p5r3gp7imq0h0wh5gy1dquvlyjoo52vio1lekfqxn4.png\",\"contentUrl\":\"http:\/\/www.otbtournament.fi\/wp-content\/uploads\/elementor\/thumbs\/2logoa2-1-p5r3gp7imq0h0wh5gy1dquvlyjoo52vio1lekfqxn4.png\"},{\"@type\":\"BreadcrumbList\",\"@id\":\"https:\/\/www.otbtournament.fi\/#breadcrumb\",\"itemListElement\":[{\"@type\":\"ListItem\",\"position\":1,\"name\":\"Etusivu\",\"item\":\"https:\/\/www.otbtournament.fi\/\"},{\"@type\":\"ListItem\",\"position\":2,\"name\":\"Etusivu\"}]},{\"@type\":\"WebSite\",\"@id\":\"https:\/\/www.otbtournament.fi\/#website\",\"url\":\"https:\/\/www.otbtournament.fi\/\",\"name\":\"www.otbtournament.fi\",\"description\":\"OTB sivut\",\"publisher\":{\"@id\":\"https:\/\/www.otbtournament.fi\/#organization\"},\"potentialAction\":[{\"@type\":\"SearchAction\",\"target\":{\"@type\":\"EntryPoint\",\"urlTemplate\":\"https:\/\/www.otbtournament.fi\/?s={search_term_string}\"},\"query-input\":{\"@type\":\"PropertyValueSpecification\",\"valueRequired\":true,\"valueName\":\"search_term_string\"}}],\"inLanguage\":\"fi\"},{\"@type\":\"Organization\",\"@id\":\"https:\/\/www.otbtournament.fi\/#organization\",\"name\":\"OTB Old Timers Basketball Tournament\",\"url\":\"https:\/\/www.otbtournament.fi\/\",\"logo\":{\"@type\":\"ImageObject\",\"inLanguage\":\"fi\",\"@id\":\"https:\/\/www.otbtournament.fi\/#\/schema\/logo\/image\/\",\"url\":\"http:\/\/www.otbtournament.fi\/wp-content\/uploads\/2021\/08\/OTBt_iso.jpg\",\"contentUrl\":\"http:\/\/www.otbtournament.fi\/wp-content\/uploads\/2021\/08\/OTBt_iso.jpg\",\"width\":701,\"height\":700,\"caption\":\"OTB Old Timers Basketball Tournament\"},\"image\":{\"@id\":\"https:\/\/www.otbtournament.fi\/#\/schema\/logo\/image\/\"},\"sameAs\":[\"https:\/\/www.facebook.com\/groups\/157434721110832\"]}]}<\/script>\n<!-- \/ Yoast SEO plugin. -->","yoast_head_json":{"title":"Etusivu - www.otbtournament.fi","robots":{"index":"index","follow":"follow","max-snippet":"max-snippet:-1","max-image-preview":"max-image-preview:large","max-video-preview":"max-video-preview:-1"},"canonical":"https:\/\/www.otbtournament.fi\/","og_locale":"fi_FI","og_type":"article","og_title":"Etusivu - www.otbtournament.fi","og_description":"OTB XLIII 2026 Pe-Su 26.-28.6.2026 Tervetuloa mukaan j\u00e4lleen 2026 viikko juhannuksen j\u00e4lkeen! OTB 2026 perjantaista sunnuntaihin 26.-28. kes\u00e4kuuta!","og_url":"https:\/\/www.otbtournament.fi\/","og_site_name":"www.otbtournament.fi","article_publisher":"https:\/\/www.facebook.com\/groups\/157434721110832","article_modified_time":"2026-05-12T18:17:49+00:00","og_image":[{"url":"http:\/\/www.otbtournament.fi\/wp-content\/uploads\/elementor\/thumbs\/2logoa2-1-p5r3gp7imq0h0wh5gy1dquvlyjoo52vio1lekfqxn4.png","type":"","width":"","height":""}],"twitter_card":"summary_large_image","twitter_misc":{"Arvioitu lukuaika":"1 minuutti"},"schema":{"@context":"https:\/\/schema.org","@graph":[{"@type":"WebPage","@id":"https:\/\/www.otbtournament.fi\/","url":"https:\/\/www.otbtournament.fi\/","name":"Etusivu - www.otbtournament.fi","isPartOf":{"@id":"https:\/\/www.otbtournament.fi\/#website"},"primaryImageOfPage":{"@id":"https:\/\/www.otbtournament.fi\/#primaryimage"},"image":{"@id":"https:\/\/www.otbtournament.fi\/#primaryimage"},"thumbnailUrl":"http:\/\/www.otbtournament.fi\/wp-content\/uploads\/elementor\/thumbs\/2logoa2-1-p5r3gp7imq0h0wh5gy1dquvlyjoo52vio1lekfqxn4.png","datePublished":"2020-04-13T11:18:54+00:00","dateModified":"2026-05-12T18:17:49+00:00","breadcrumb":{"@id":"https:\/\/www.otbtournament.fi\/#breadcrumb"},"inLanguage":"fi","potentialAction":[{"@type":"ReadAction","target":["https:\/\/www.otbtournament.fi\/"]}]},{"@type":"ImageObject","inLanguage":"fi","@id":"https:\/\/www.otbtournament.fi\/#primaryimage","url":"http:\/\/www.otbtournament.fi\/wp-content\/uploads\/elementor\/thumbs\/2logoa2-1-p5r3gp7imq0h0wh5gy1dquvlyjoo52vio1lekfqxn4.png","contentUrl":"http:\/\/www.otbtournament.fi\/wp-content\/uploads\/elementor\/thumbs\/2logoa2-1-p5r3gp7imq0h0wh5gy1dquvlyjoo52vio1lekfqxn4.png"},{"@type":"BreadcrumbList","@id":"https:\/\/www.otbtournament.fi\/#breadcrumb","itemListElement":[{"@type":"ListItem","position":1,"name":"Etusivu","item":"https:\/\/www.otbtournament.fi\/"},{"@type":"ListItem","position":2,"name":"Etusivu"}]},{"@type":"WebSite","@id":"https:\/\/www.otbtournament.fi\/#website","url":"https:\/\/www.otbtournament.fi\/","name":"www.otbtournament.fi","description":"OTB sivut","publisher":{"@id":"https:\/\/www.otbtournament.fi\/#organization"},"potentialAction":[{"@type":"SearchAction","target":{"@type":"EntryPoint","urlTemplate":"https:\/\/www.otbtournament.fi\/?s={search_term_string}"},"query-input":{"@type":"PropertyValueSpecification","valueRequired":true,"valueName":"search_term_string"}}],"inLanguage":"fi"},{"@type":"Organization","@id":"https:\/\/www.otbtournament.fi\/#organization","name":"OTB Old Timers Basketball Tournament","url":"https:\/\/www.otbtournament.fi\/","logo":{"@type":"ImageObject","inLanguage":"fi","@id":"https:\/\/www.otbtournament.fi\/#\/schema\/logo\/image\/","url":"http:\/\/www.otbtournament.fi\/wp-content\/uploads\/2021\/08\/OTBt_iso.jpg","contentUrl":"http:\/\/www.otbtournament.fi\/wp-content\/uploads\/2021\/08\/OTBt_iso.jpg","width":701,"height":700,"caption":"OTB Old Timers Basketball Tournament"},"image":{"@id":"https:\/\/www.otbtournament.fi\/#\/schema\/logo\/image\/"},"sameAs":["https:\/\/www.facebook.com\/groups\/157434721110832"]}]}},"_links":{"self":[{"href":"https:\/\/www.otbtournament.fi\/index.php?rest_route=\/wp\/v2\/pages\/30","targetHints":{"allow":["GET"]}}],"collection":[{"href":"https:\/\/www.otbtournament.fi\/index.php?rest_route=\/wp\/v2\/pages"}],"about":[{"href":"https:\/\/www.otbtournament.fi\/index.php?rest_route=\/wp\/v2\/types\/page"}],"author":[{"embeddable":true,"href":"https:\/\/www.otbtournament.fi\/index.php?rest_route=\/wp\/v2\/users\/1"}],"replies":[{"embeddable":true,"href":"https:\/\/www.otbtournament.fi\/index.php?rest_route=%2Fwp%2Fv2%2Fcomments&post=30"}],"version-history":[{"count":301,"href":"https:\/\/www.otbtournament.fi\/index.php?rest_route=\/wp\/v2\/pages\/30\/revisions"}],"predecessor-version":[{"id":5603,"href":"https:\/\/www.otbtournament.fi\/index.php?rest_route=\/wp\/v2\/pages\/30\/revisions\/5603"}],"wp:attachment":[{"href":"https:\/\/www.otbtournament.fi\/index.php?rest_route=%2Fwp%2Fv2%2Fmedia&parent=30"}],"curies":[{"name":"wp","href":"https:\/\/api.w.org\/{rel}","templated":true}]}}