{"id":1196,"date":"2021-08-13T13:25:05","date_gmt":"2021-08-13T10:25:05","guid":{"rendered":"http:\/\/www.otbtournament.fi\/?page_id=1196"},"modified":"2025-06-20T10:58:30","modified_gmt":"2025-06-20T07:58:30","slug":"ilmoitatulos","status":"publish","type":"page","link":"https:\/\/www.otbtournament.fi\/?page_id=1196","title":{"rendered":"Ilmoita tulos"},"content":{"rendered":"\t\t<div data-elementor-type=\"wp-page\" data-elementor-id=\"1196\" class=\"elementor elementor-1196\">\n\t\t\t\t\t\t<section class=\"elementor-section elementor-top-section elementor-element elementor-element-cd4dbad elementor-section-boxed elementor-section-height-default elementor-section-height-default\" data-id=\"cd4dbad\" data-element_type=\"section\" data-e-type=\"section\">\n\t\t\t\t\t\t<div class=\"elementor-container elementor-column-gap-default\">\n\t\t\t\t\t<div class=\"elementor-column elementor-col-100 elementor-top-column elementor-element elementor-element-4545a76\" data-id=\"4545a76\" data-element_type=\"column\" data-e-type=\"column\">\n\t\t\t<div class=\"elementor-widget-wrap elementor-element-populated\">\n\t\t\t\t\t\t<div class=\"elementor-element elementor-element-e9759ac elementor-widget elementor-widget-spacer\" data-id=\"e9759ac\" data-element_type=\"widget\" data-e-type=\"widget\" data-widget_type=\"spacer.default\">\n\t\t\t\t<div class=\"elementor-widget-container\">\n\t\t\t\t\t\t\t<div class=\"elementor-spacer\">\n\t\t\t<div class=\"elementor-spacer-inner\"><\/div>\n\t\t<\/div>\n\t\t\t\t\t\t<\/div>\n\t\t\t\t<\/div>\n\t\t\t\t<div class=\"elementor-element elementor-element-0788275 elementor-widget elementor-widget-heading\" data-id=\"0788275\" data-element_type=\"widget\" data-e-type=\"widget\" data-widget_type=\"heading.default\">\n\t\t\t\t<div class=\"elementor-widget-container\">\n\t\t\t\t\t<h2 class=\"elementor-heading-title elementor-size-default\"><b>Tulosten ilmoittaminen tulospalveluun<\/b><\/h2>\t\t\t\t<\/div>\n\t\t\t\t<\/div>\n\t\t\t\t<section class=\"elementor-section elementor-inner-section elementor-element elementor-element-640c3b1 elementor-section-boxed elementor-section-height-default elementor-section-height-default\" data-id=\"640c3b1\" data-element_type=\"section\" data-e-type=\"section\">\n\t\t\t\t\t\t<div class=\"elementor-container elementor-column-gap-default\">\n\t\t\t\t\t<div class=\"elementor-column elementor-col-50 elementor-inner-column elementor-element elementor-element-bd0bf1b\" data-id=\"bd0bf1b\" data-element_type=\"column\" data-e-type=\"column\">\n\t\t\t<div class=\"elementor-widget-wrap elementor-element-populated\">\n\t\t\t\t\t\t<div class=\"elementor-element elementor-element-655046f elementor-widget elementor-widget-text-editor\" data-id=\"655046f\" data-element_type=\"widget\" data-e-type=\"widget\" data-widget_type=\"text-editor.default\">\n\t\t\t\t<div class=\"elementor-widget-container\">\n\t\t\t\t\t\t\t\t\t<p>Toimitsijoiden tulee ilmoittaa tulokset v\u00e4litt\u00f6m\u00e4sti pelien p\u00e4\u00e4tytty\u00e4 tulospalveluun 044 300 4145. Tekstiviestill\u00e4 tai WhatsApp -sovelluksella.<br>Tulokset tulee ilmoittaa oikeassa j\u00e4rjestyksess\u00e4 (otteluohjelman mukaisesti)<\/p>\n<p>Ilmoita joukkueet ja pelipaikka lyhentein\u00e4, +tulos.<\/p>\n<p><em>Esim.<\/em> Srk Kfu-Go 51-24<br>Voittanutta joukkuetta ei tarvitse ilmoittaa jos lopputulos on ilmoitettu oikein.<\/p>\t\t\t\t\t\t\t\t<\/div>\n\t\t\t\t<\/div>\n\t\t\t\t\t<\/div>\n\t\t<\/div>\n\t\t\t\t<div class=\"elementor-column elementor-col-50 elementor-inner-column elementor-element elementor-element-a0af74f\" data-id=\"a0af74f\" data-element_type=\"column\" data-e-type=\"column\">\n\t\t\t<div class=\"elementor-widget-wrap elementor-element-populated\">\n\t\t\t\t\t\t<div class=\"elementor-element elementor-element-0ff6848 elementor-widget elementor-widget-text-editor\" data-id=\"0ff6848\" data-element_type=\"widget\" data-e-type=\"widget\" data-widget_type=\"text-editor.default\">\n\t\t\t\t<div class=\"elementor-widget-container\">\n\t\t\t\t\t\t\t\t\t<p>Tulosten ilmoittaminen v\u00e4\u00e4rin, v\u00e4\u00e4r\u00e4ss\u00e4 j\u00e4rjestyksess\u00e4 tai ilmoittamatta j\u00e4tt\u00e4minen haittaa jatkopeliohjelman laatimista ja pelaajien jatkopelitietojen p\u00e4ivitt\u00e4mist\u00e4 nettiin. N\u00e4it\u00e4 tietoja haetaan nettisivuilta n. 10 000 kertaa turnausviikonloppuna.<\/p><p>Jos huomaatte, ett\u00e4 oman pelin tulos puuttuu niin sen saa ilmoittaa tulospalveluun. Toimitsijat ovat voineet olla kokemattomia tai liian kiireisi\u00e4 ja tulos on j\u00e4\u00e4nyt ilmoittamatta.<\/p>\t\t\t\t\t\t\t\t<\/div>\n\t\t\t\t<\/div>\n\t\t\t\t\t<\/div>\n\t\t<\/div>\n\t\t\t\t\t<\/div>\n\t\t<\/section>\n\t\t\t\t\t<\/div>\n\t\t<\/div>\n\t\t\t\t\t<\/div>\n\t\t<\/section>\n\t\t\t\t<\/div>\n\t\t","protected":false},"excerpt":{"rendered":"<p>Tulosten ilmoittaminen tulospalveluun Toimitsijoiden tulee ilmoittaa tulokset v\u00e4litt\u00f6m\u00e4sti pelien p\u00e4\u00e4tytty\u00e4 tulospalveluun 044 300 4145. Tekstiviestill\u00e4 tai WhatsApp -sovelluksella.Tulokset tulee ilmoittaa oikeassa j\u00e4rjestyksess\u00e4 (otteluohjelman mukaisesti) Ilmoita joukkueet ja pelipaikka lyhentein\u00e4, +tulos. Esim. Srk Kfu-Go 51-24Voittanutta joukkuetta ei tarvitse ilmoittaa jos lopputulos on ilmoitettu oikein. Tulosten ilmoittaminen v\u00e4\u00e4rin, v\u00e4\u00e4r\u00e4ss\u00e4 j\u00e4rjestyksess\u00e4 tai ilmoittamatta j\u00e4tt\u00e4minen haittaa jatkopeliohjelman laatimista ja [&hellip;]<\/p>\n","protected":false},"author":1,"featured_media":0,"parent":0,"menu_order":0,"comment_status":"closed","ping_status":"closed","template":"","meta":{"site-sidebar-layout":"no-sidebar","site-content-layout":"page-builder","ast-site-content-layout":"default","site-content-style":"default","site-sidebar-style":"default","ast-global-header-display":"","ast-banner-title-visibility":"","ast-main-header-display":"","ast-hfb-above-header-display":"","ast-hfb-below-header-display":"","ast-hfb-mobile-header-display":"","site-post-title":"disabled","ast-breadcrumbs-content":"","ast-featured-img":"disabled","footer-sml-layout":"","ast-disable-related-posts":"","theme-transparent-header-meta":"default","adv-header-id-meta":"","stick-header-meta":"","header-above-stick-meta":"","header-main-stick-meta":"","header-below-stick-meta":"","astra-migrate-meta-layouts":"default","ast-page-background-enabled":"default","ast-page-background-meta":{"desktop":{"background-color":"","background-image":"","background-repeat":"repeat","background-position":"center center","background-size":"auto","background-attachment":"scroll","background-type":"","background-media":"","overlay-type":"","overlay-color":"","overlay-opacity":"","overlay-gradient":""},"tablet":{"background-color":"","background-image":"","background-repeat":"repeat","background-position":"center center","background-size":"auto","background-attachment":"scroll","background-type":"","background-media":"","overlay-type":"","overlay-color":"","overlay-opacity":"","overlay-gradient":""},"mobile":{"background-color":"","background-image":"","background-repeat":"repeat","background-position":"center center","background-size":"auto","background-attachment":"scroll","background-type":"","background-media":"","overlay-type":"","overlay-color":"","overlay-opacity":"","overlay-gradient":""}},"ast-content-background-meta":{"desktop":{"background-color":"var(--ast-global-color-5)","background-image":"","background-repeat":"repeat","background-position":"center center","background-size":"auto","background-attachment":"scroll","background-type":"","background-media":"","overlay-type":"","overlay-color":"","overlay-opacity":"","overlay-gradient":""},"tablet":{"background-color":"var(--ast-global-color-5)","background-image":"","background-repeat":"repeat","background-position":"center center","background-size":"auto","background-attachment":"scroll","background-type":"","background-media":"","overlay-type":"","overlay-color":"","overlay-opacity":"","overlay-gradient":""},"mobile":{"background-color":"var(--ast-global-color-5)","background-image":"","background-repeat":"repeat","background-position":"center center","background-size":"auto","background-attachment":"scroll","background-type":"","background-media":"","overlay-type":"","overlay-color":"","overlay-opacity":"","overlay-gradient":""}},"footnotes":""},"class_list":["post-1196","page","type-page","status-publish","hentry"],"yoast_head":"<!-- This site is optimized with the Yoast SEO plugin v27.1.1 - https:\/\/yoast.com\/product\/yoast-seo-wordpress\/ -->\n<title>Ilmoita tulos - www.otbtournament.fi<\/title>\n<meta name=\"robots\" content=\"index, follow, max-snippet:-1, max-image-preview:large, max-video-preview:-1\" \/>\n<link rel=\"canonical\" href=\"https:\/\/www.otbtournament.fi\/?page_id=1196\" \/>\n<meta property=\"og:locale\" content=\"fi_FI\" \/>\n<meta property=\"og:type\" content=\"article\" \/>\n<meta property=\"og:title\" content=\"Ilmoita tulos - www.otbtournament.fi\" \/>\n<meta property=\"og:description\" content=\"Tulosten ilmoittaminen tulospalveluun Toimitsijoiden tulee ilmoittaa tulokset v\u00e4litt\u00f6m\u00e4sti pelien p\u00e4\u00e4tytty\u00e4 tulospalveluun 044 300 4145. Tekstiviestill\u00e4 tai WhatsApp -sovelluksella.Tulokset tulee ilmoittaa oikeassa j\u00e4rjestyksess\u00e4 (otteluohjelman mukaisesti) Ilmoita joukkueet ja pelipaikka lyhentein\u00e4, +tulos. Esim. Srk Kfu-Go 51-24Voittanutta joukkuetta ei tarvitse ilmoittaa jos lopputulos on ilmoitettu oikein. Tulosten ilmoittaminen v\u00e4\u00e4rin, v\u00e4\u00e4r\u00e4ss\u00e4 j\u00e4rjestyksess\u00e4 tai ilmoittamatta j\u00e4tt\u00e4minen haittaa jatkopeliohjelman laatimista ja [&hellip;]\" \/>\n<meta property=\"og:url\" content=\"https:\/\/www.otbtournament.fi\/?page_id=1196\" \/>\n<meta property=\"og:site_name\" content=\"www.otbtournament.fi\" \/>\n<meta property=\"article:publisher\" content=\"https:\/\/www.facebook.com\/groups\/157434721110832\" \/>\n<meta property=\"article:modified_time\" content=\"2025-06-20T07:58:30+00:00\" \/>\n<meta name=\"twitter:card\" content=\"summary_large_image\" \/>\n<meta name=\"twitter:label1\" content=\"Arvioitu lukuaika\" \/>\n\t<meta name=\"twitter:data1\" content=\"1 minuutti\" \/>\n<script type=\"application\/ld+json\" class=\"yoast-schema-graph\">{\"@context\":\"https:\/\/schema.org\",\"@graph\":[{\"@type\":\"WebPage\",\"@id\":\"https:\/\/www.otbtournament.fi\/?page_id=1196\",\"url\":\"https:\/\/www.otbtournament.fi\/?page_id=1196\",\"name\":\"Ilmoita tulos - www.otbtournament.fi\",\"isPartOf\":{\"@id\":\"https:\/\/www.otbtournament.fi\/#website\"},\"datePublished\":\"2021-08-13T10:25:05+00:00\",\"dateModified\":\"2025-06-20T07:58:30+00:00\",\"breadcrumb\":{\"@id\":\"https:\/\/www.otbtournament.fi\/?page_id=1196#breadcrumb\"},\"inLanguage\":\"fi\",\"potentialAction\":[{\"@type\":\"ReadAction\",\"target\":[\"https:\/\/www.otbtournament.fi\/?page_id=1196\"]}]},{\"@type\":\"BreadcrumbList\",\"@id\":\"https:\/\/www.otbtournament.fi\/?page_id=1196#breadcrumb\",\"itemListElement\":[{\"@type\":\"ListItem\",\"position\":1,\"name\":\"Etusivu\",\"item\":\"https:\/\/www.otbtournament.fi\/\"},{\"@type\":\"ListItem\",\"position\":2,\"name\":\"Ilmoita tulos\"}]},{\"@type\":\"WebSite\",\"@id\":\"https:\/\/www.otbtournament.fi\/#website\",\"url\":\"https:\/\/www.otbtournament.fi\/\",\"name\":\"www.otbtournament.fi\",\"description\":\"OTB sivut\",\"publisher\":{\"@id\":\"https:\/\/www.otbtournament.fi\/#organization\"},\"potentialAction\":[{\"@type\":\"SearchAction\",\"target\":{\"@type\":\"EntryPoint\",\"urlTemplate\":\"https:\/\/www.otbtournament.fi\/?s={search_term_string}\"},\"query-input\":{\"@type\":\"PropertyValueSpecification\",\"valueRequired\":true,\"valueName\":\"search_term_string\"}}],\"inLanguage\":\"fi\"},{\"@type\":\"Organization\",\"@id\":\"https:\/\/www.otbtournament.fi\/#organization\",\"name\":\"OTB Old Timers Basketball Tournament\",\"url\":\"https:\/\/www.otbtournament.fi\/\",\"logo\":{\"@type\":\"ImageObject\",\"inLanguage\":\"fi\",\"@id\":\"https:\/\/www.otbtournament.fi\/#\/schema\/logo\/image\/\",\"url\":\"http:\/\/www.otbtournament.fi\/wp-content\/uploads\/2021\/08\/OTBt_iso.jpg\",\"contentUrl\":\"http:\/\/www.otbtournament.fi\/wp-content\/uploads\/2021\/08\/OTBt_iso.jpg\",\"width\":701,\"height\":700,\"caption\":\"OTB Old Timers Basketball Tournament\"},\"image\":{\"@id\":\"https:\/\/www.otbtournament.fi\/#\/schema\/logo\/image\/\"},\"sameAs\":[\"https:\/\/www.facebook.com\/groups\/157434721110832\"]}]}<\/script>\n<!-- \/ Yoast SEO plugin. -->","yoast_head_json":{"title":"Ilmoita tulos - www.otbtournament.fi","robots":{"index":"index","follow":"follow","max-snippet":"max-snippet:-1","max-image-preview":"max-image-preview:large","max-video-preview":"max-video-preview:-1"},"canonical":"https:\/\/www.otbtournament.fi\/?page_id=1196","og_locale":"fi_FI","og_type":"article","og_title":"Ilmoita tulos - www.otbtournament.fi","og_description":"Tulosten ilmoittaminen tulospalveluun Toimitsijoiden tulee ilmoittaa tulokset v\u00e4litt\u00f6m\u00e4sti pelien p\u00e4\u00e4tytty\u00e4 tulospalveluun 044 300 4145. Tekstiviestill\u00e4 tai WhatsApp -sovelluksella.Tulokset tulee ilmoittaa oikeassa j\u00e4rjestyksess\u00e4 (otteluohjelman mukaisesti) Ilmoita joukkueet ja pelipaikka lyhentein\u00e4, +tulos. Esim. Srk Kfu-Go 51-24Voittanutta joukkuetta ei tarvitse ilmoittaa jos lopputulos on ilmoitettu oikein. Tulosten ilmoittaminen v\u00e4\u00e4rin, v\u00e4\u00e4r\u00e4ss\u00e4 j\u00e4rjestyksess\u00e4 tai ilmoittamatta j\u00e4tt\u00e4minen haittaa jatkopeliohjelman laatimista ja [&hellip;]","og_url":"https:\/\/www.otbtournament.fi\/?page_id=1196","og_site_name":"www.otbtournament.fi","article_publisher":"https:\/\/www.facebook.com\/groups\/157434721110832","article_modified_time":"2025-06-20T07:58:30+00:00","twitter_card":"summary_large_image","twitter_misc":{"Arvioitu lukuaika":"1 minuutti"},"schema":{"@context":"https:\/\/schema.org","@graph":[{"@type":"WebPage","@id":"https:\/\/www.otbtournament.fi\/?page_id=1196","url":"https:\/\/www.otbtournament.fi\/?page_id=1196","name":"Ilmoita tulos - www.otbtournament.fi","isPartOf":{"@id":"https:\/\/www.otbtournament.fi\/#website"},"datePublished":"2021-08-13T10:25:05+00:00","dateModified":"2025-06-20T07:58:30+00:00","breadcrumb":{"@id":"https:\/\/www.otbtournament.fi\/?page_id=1196#breadcrumb"},"inLanguage":"fi","potentialAction":[{"@type":"ReadAction","target":["https:\/\/www.otbtournament.fi\/?page_id=1196"]}]},{"@type":"BreadcrumbList","@id":"https:\/\/www.otbtournament.fi\/?page_id=1196#breadcrumb","itemListElement":[{"@type":"ListItem","position":1,"name":"Etusivu","item":"https:\/\/www.otbtournament.fi\/"},{"@type":"ListItem","position":2,"name":"Ilmoita tulos"}]},{"@type":"WebSite","@id":"https:\/\/www.otbtournament.fi\/#website","url":"https:\/\/www.otbtournament.fi\/","name":"www.otbtournament.fi","description":"OTB sivut","publisher":{"@id":"https:\/\/www.otbtournament.fi\/#organization"},"potentialAction":[{"@type":"SearchAction","target":{"@type":"EntryPoint","urlTemplate":"https:\/\/www.otbtournament.fi\/?s={search_term_string}"},"query-input":{"@type":"PropertyValueSpecification","valueRequired":true,"valueName":"search_term_string"}}],"inLanguage":"fi"},{"@type":"Organization","@id":"https:\/\/www.otbtournament.fi\/#organization","name":"OTB Old Timers Basketball Tournament","url":"https:\/\/www.otbtournament.fi\/","logo":{"@type":"ImageObject","inLanguage":"fi","@id":"https:\/\/www.otbtournament.fi\/#\/schema\/logo\/image\/","url":"http:\/\/www.otbtournament.fi\/wp-content\/uploads\/2021\/08\/OTBt_iso.jpg","contentUrl":"http:\/\/www.otbtournament.fi\/wp-content\/uploads\/2021\/08\/OTBt_iso.jpg","width":701,"height":700,"caption":"OTB Old Timers Basketball Tournament"},"image":{"@id":"https:\/\/www.otbtournament.fi\/#\/schema\/logo\/image\/"},"sameAs":["https:\/\/www.facebook.com\/groups\/157434721110832"]}]}},"_links":{"self":[{"href":"https:\/\/www.otbtournament.fi\/index.php?rest_route=\/wp\/v2\/pages\/1196","targetHints":{"allow":["GET"]}}],"collection":[{"href":"https:\/\/www.otbtournament.fi\/index.php?rest_route=\/wp\/v2\/pages"}],"about":[{"href":"https:\/\/www.otbtournament.fi\/index.php?rest_route=\/wp\/v2\/types\/page"}],"author":[{"embeddable":true,"href":"https:\/\/www.otbtournament.fi\/index.php?rest_route=\/wp\/v2\/users\/1"}],"replies":[{"embeddable":true,"href":"https:\/\/www.otbtournament.fi\/index.php?rest_route=%2Fwp%2Fv2%2Fcomments&post=1196"}],"version-history":[{"count":41,"href":"https:\/\/www.otbtournament.fi\/index.php?rest_route=\/wp\/v2\/pages\/1196\/revisions"}],"predecessor-version":[{"id":4903,"href":"https:\/\/www.otbtournament.fi\/index.php?rest_route=\/wp\/v2\/pages\/1196\/revisions\/4903"}],"wp:attachment":[{"href":"https:\/\/www.otbtournament.fi\/index.php?rest_route=%2Fwp%2Fv2%2Fmedia&parent=1196"}],"curies":[{"name":"wp","href":"https:\/\/api.w.org\/{rel}","templated":true}]}}